{"id":134,"date":"2024-12-15T20:05:37","date_gmt":"2024-12-15T19:05:37","guid":{"rendered":"https:\/\/maxicontgroup.hu\/bellerophon\/?page_id=134"},"modified":"2025-11-02T14:33:15","modified_gmt":"2025-11-02T13:33:15","slug":"karrier","status":"publish","type":"page","link":"https:\/\/maxicontgroup.hu\/index.php\/karrier\/","title":{"rendered":"Karrier"},"content":{"rendered":"<p>[et_pb_section fb_built=&#8221;1&#8243; admin_label=&#8221;Header&#8221; _builder_version=&#8221;4.27.4&#8243; _module_preset=&#8221;default&#8221; background_image=&#8221;https:\/\/maxicontgroup.hu\/wp-content\/uploads\/2025\/09\/Maxicont-Web-Karrier-pic1-scaled.jpg&#8221; background_size=&#8221;contain&#8221; background_enable_video_mp4=&#8221;off&#8221; custom_padding=&#8221;8vw||20vw||false|false&#8221; animation_style=&#8221;slide&#8221; background_last_edited=&#8221;on|desktop&#8221; border_radii=&#8221;off|||0vw|0vw&#8221; collapsed=&#8221;on&#8221; global_colors_info=&#8221;{}&#8221;][\/et_pb_section][et_pb_section fb_built=&#8221;1&#8243; admin_label=&#8221;Header&#8221; _builder_version=&#8221;4.27.4&#8243; _module_preset=&#8221;default&#8221; background_image=&#8221;https:\/\/maxicontgroup.hu\/wp-content\/uploads\/2025\/09\/Maxicont-Web-Karrier-pic2-scaled.jpg&#8221; background_size=&#8221;contain&#8221; background_enable_video_mp4=&#8221;off&#8221; custom_padding=&#8221;8vw||20vw||false|false&#8221; animation_style=&#8221;slide&#8221; background_last_edited=&#8221;on|desktop&#8221; border_radii=&#8221;off|||0vw|0vw&#8221; collapsed=&#8221;on&#8221; global_colors_info=&#8221;{}&#8221;][\/et_pb_section][et_pb_section fb_built=&#8221;1&#8243; _builder_version=&#8221;4.27.4&#8243; _module_preset=&#8221;default&#8221; global_colors_info=&#8221;{}&#8221;][et_pb_row column_structure=&#8221;1_4,1_4,1_4,1_4&#8243; _builder_version=&#8221;4.27.4&#8243; _module_preset=&#8221;default&#8221; global_colors_info=&#8221;{}&#8221;][et_pb_column type=&#8221;1_4&#8243; _builder_version=&#8221;4.27.4&#8243; _module_preset=&#8221;default&#8221; global_colors_info=&#8221;{}&#8221;][et_pb_text _builder_version=&#8221;4.27.4&#8243; _module_preset=&#8221;default&#8221; text_font=&#8221;Poppins||||||||&#8221; text_font_size=&#8221;24px&#8221; text_line_height=&#8221;2em&#8221; hover_enabled=&#8221;0&#8243; global_colors_info=&#8221;{}&#8221; sticky_enabled=&#8221;0&#8243; header_font=&#8221;Poppins||||||||&#8221;]<\/p>\n<h5>T\u00e1vvezet\u00e9k Vonali M\u00e9rn\u00f6k<\/h5>\n<p><a href=\"https:\/\/maxicontgroup.hu\/wp-content\/uploads\/2025\/03\/Tavvezeteki-Vonali-Mernok.pdf\">Le\u00edr\u00e1s<\/a><\/p>\n<p>[\/et_pb_text][et_pb_button button_url=&#8221;mailto:mcg@maxicontgroup.hu?subject=Karrier%20T\u00e1vvezet\u00e9k%20Vonali%20M\u00e9rn\u00f6k&#8221; url_new_window=&#8221;on&#8221; button_text=&#8221;Jelentkezem&#8221; _builder_version=&#8221;4.27.4&#8243; _module_preset=&#8221;d189a45b-76ff-44c8-b7f8-3930a551be7c&#8221; button_text_size=&#8221;16px&#8221; button_border_radius=&#8221;0px&#8221; button_font=&#8221;Poppins|700|||||||&#8221; custom_margin=&#8221;44px||||false|false&#8221; hover_enabled=&#8221;0&#8243; locked=&#8221;off&#8221; global_colors_info=&#8221;{}&#8221; sticky_enabled=&#8221;0&#8243;][\/et_pb_button][\/et_pb_column][et_pb_column type=&#8221;1_4&#8243; _builder_version=&#8221;4.27.4&#8243; _module_preset=&#8221;default&#8221; global_colors_info=&#8221;{}&#8221;][et_pb_text _builder_version=&#8221;4.27.4&#8243; _module_preset=&#8221;default&#8221; text_font=&#8221;Poppins||||||||&#8221; text_font_size=&#8221;24px&#8221; text_line_height=&#8221;2em&#8221; width=&#8221;100%&#8221; max_width=&#8221;100%&#8221; hover_enabled=&#8221;0&#8243; global_colors_info=&#8221;{}&#8221; sticky_enabled=&#8221;0&#8243;]<\/p>\n<h5>Nagyfesz\u00fclts\u00e9g\u0171 t\u00e1vvezet\u00e9k\u00e9p\u00edt\u0151<\/h5>\n<p><a href=\"https:\/\/maxicontgroup.hu\/wp-content\/uploads\/2025\/03\/Nagyfeszultsegu-tavvezetekepito.pdf\">Le\u00edr\u00e1s<\/a><\/p>\n<p>[\/et_pb_text][et_pb_button button_url=&#8221;mailto:mcg@maxicontgroup.hu?subject=Karrier%20Nagyfesz\u00fclts\u00e9g\u0171%20t\u00e1vvezet\u00e9k\u00e9p\u00edt\u0151&#8221; button_text=&#8221;Jelentkezem&#8221; _builder_version=&#8221;4.27.4&#8243; _module_preset=&#8221;d189a45b-76ff-44c8-b7f8-3930a551be7c&#8221; button_text_size=&#8221;16px&#8221; button_border_radius=&#8221;0px&#8221; button_font=&#8221;Poppins|700|||||||&#8221; custom_margin=&#8221;30px||||false|false&#8221; hover_enabled=&#8221;0&#8243; locked=&#8221;off&#8221; global_colors_info=&#8221;{}&#8221; sticky_enabled=&#8221;0&#8243;][\/et_pb_button][\/et_pb_column][et_pb_column type=&#8221;1_4&#8243; _builder_version=&#8221;4.27.4&#8243; _module_preset=&#8221;default&#8221; global_colors_info=&#8221;{}&#8221;][et_pb_text _builder_version=&#8221;4.27.4&#8243; _module_preset=&#8221;default&#8221; text_font=&#8221;Poppins||||||||&#8221; text_font_size=&#8221;24px&#8221; text_line_height=&#8221;2em&#8221; hover_enabled=&#8221;0&#8243; global_colors_info=&#8221;{}&#8221; sticky_enabled=&#8221;0&#8243;]<\/p>\n<h5>F\u0151eloszt\u00f3-h\u00e1l\u00f3zati szerel\u0151<\/h5>\n<p><a href=\"https:\/\/maxicontgroup.hu\/wp-content\/uploads\/2025\/03\/Foeloszto.pdf\">Le\u00edr\u00e1s<\/a><\/p>\n<p>[\/et_pb_text][et_pb_button button_url=&#8221;mailto:mcg@maxicontgroup.hu?subject=Karrier%20F\u0151eloszt\u00f3%20h\u00e1l\u00f3zati%20szerel\u0151&#8221; button_text=&#8221;Jelentkezem&#8221; _builder_version=&#8221;4.27.4&#8243; _module_preset=&#8221;d189a45b-76ff-44c8-b7f8-3930a551be7c&#8221; button_text_size=&#8221;16px&#8221; button_border_radius=&#8221;0px&#8221; custom_margin=&#8221;44px||||false|false&#8221; hover_enabled=&#8221;0&#8243; locked=&#8221;off&#8221; global_colors_info=&#8221;{}&#8221; button_font=&#8221;Poppins|700|||||||&#8221; sticky_enabled=&#8221;0&#8243;][\/et_pb_button][\/et_pb_column][et_pb_column type=&#8221;1_4&#8243; _builder_version=&#8221;4.27.4&#8243; _module_preset=&#8221;default&#8221; global_colors_info=&#8221;{}&#8221;][et_pb_text _builder_version=&#8221;4.27.4&#8243; _module_preset=&#8221;default&#8221; text_font=&#8221;Poppins||||||||&#8221; text_font_size=&#8221;24px&#8221; text_line_height=&#8221;2em&#8221; hover_enabled=&#8221;0&#8243; global_colors_info=&#8221;{}&#8221; sticky_enabled=&#8221;0&#8243;]<\/p>\n<h5>Villamos berendez\u00e9s gy\u00e1rt\u00f3<\/h5>\n<p><a href=\"https:\/\/maxicontgroup.hu\/wp-content\/uploads\/2025\/03\/Villamos-berendezes-gyarto.pdf\">Le\u00edr\u00e1s<\/a><\/p>\n<p>[\/et_pb_text][et_pb_button button_url=&#8221;mailto:mcg@maxicontgroup.hu?subject=Karrier%20Villamosberendezes%20gy\u00e1rt\u00f3&#8221; button_text=&#8221;Jelentkezem&#8221; _builder_version=&#8221;4.27.4&#8243; _module_preset=&#8221;d189a45b-76ff-44c8-b7f8-3930a551be7c&#8221; button_text_size=&#8221;16px&#8221; button_border_radius=&#8221;0px&#8221; custom_margin=&#8221;44px||||false|false&#8221; hover_enabled=&#8221;0&#8243; locked=&#8221;off&#8221; global_colors_info=&#8221;{}&#8221; button_font=&#8221;Poppins|700|||||||&#8221; sticky_enabled=&#8221;0&#8243;][\/et_pb_button][\/et_pb_column][\/et_pb_row][\/et_pb_section][et_pb_section fb_built=&#8221;1&#8243; theme_builder_area=&#8221;post_content&#8221; _builder_version=&#8221;4.27.4&#8243; _module_preset=&#8221;default&#8221; custom_padding=&#8221;||5px|||&#8221;][et_pb_row _builder_version=&#8221;4.27.4&#8243; _module_preset=&#8221;default&#8221; theme_builder_area=&#8221;post_content&#8221;][et_pb_column _builder_version=&#8221;4.27.4&#8243; _module_preset=&#8221;default&#8221; type=&#8221;4_4&#8243; theme_builder_area=&#8221;post_content&#8221;][et_pb_image src=&#8221;https:\/\/maxicontgroup.hu\/wp-content\/uploads\/2025\/11\/Screenshot-2025-11-02-at-13.19.22-scaled.png&#8221; _builder_version=&#8221;4.27.4&#8243; _module_preset=&#8221;default&#8221; theme_builder_area=&#8221;post_content&#8221; title_text=&#8221;Screenshot 2025-11-02 at 13.19.22&#8243; hover_enabled=&#8221;0&#8243; sticky_enabled=&#8221;0&#8243;][\/et_pb_image][\/et_pb_column][\/et_pb_row][\/et_pb_section][et_pb_section fb_built=&#8221;1&#8243; fullwidth=&#8221;on&#8221; _builder_version=&#8221;4.27.4&#8243; _module_preset=&#8221;default&#8221; custom_padding=&#8221;||0px|||&#8221; global_colors_info=&#8221;{}&#8221;][et_pb_fullwidth_image src=&#8221;https:\/\/maxicontgroup.hu\/wp-content\/uploads\/2025\/09\/Maxicont-Web-elerhetosegek-scaled.jpg&#8221; title_text=&#8221;Maxicont Web el\u00e9rhet\u0151s\u00e9gek&#8221; _builder_version=&#8221;4.27.4&#8243; _module_preset=&#8221;default&#8221; width=&#8221;55%&#8221; module_alignment=&#8221;center&#8221; hover_enabled=&#8221;0&#8243; global_colors_info=&#8221;{}&#8221; sticky_enabled=&#8221;0&#8243;][\/et_pb_fullwidth_image][\/et_pb_section][et_pb_section fb_built=&#8221;1&#8243; specialty=&#8221;on&#8221; admin_label=&#8221;Footer&#8221; _builder_version=&#8221;4.27.4&#8243; _module_preset=&#8221;default&#8221; background_color=&#8221;#FFFFFF&#8221; inner_max_width=&#8221;1800px&#8221; overflow-x=&#8221;hidden&#8221; overflow-y=&#8221;hidden&#8221; custom_padding=&#8221;||0px|||&#8221; saved_tabs=&#8221;all&#8221; global_colors_info=&#8221;{}&#8221;][et_pb_column type=&#8221;3_4&#8243; specialty_columns=&#8221;3&#8243; _builder_version=&#8221;4.16&#8243; _module_preset=&#8221;default&#8221; custom_padding=&#8221;|||&#8221; global_colors_info=&#8221;{}&#8221; custom_padding__hover=&#8221;|||&#8221;][et_pb_row_inner _builder_version=&#8221;4.24.0&#8243; _module_preset=&#8221;default&#8221; custom_padding=&#8221;||20px||false|false&#8221; locked=&#8221;off&#8221; global_colors_info=&#8221;{}&#8221;][et_pb_column_inner saved_specialty_column_type=&#8221;3_4&#8243; _builder_version=&#8221;4.22.0&#8243; _module_preset=&#8221;default&#8221; global_colors_info=&#8221;{}&#8221;][et_pb_text _builder_version=&#8221;4.27.4&#8243; _module_preset=&#8221;60f16b4a-0c30-47ed-bd39-7ce92941f12b&#8221; hover_enabled=&#8221;0&#8243; global_colors_info=&#8221;{}&#8221; text_font=&#8221;Poppins||||||||&#8221; sticky_enabled=&#8221;0&#8243;]<\/p>\n<h3><strong>MAXICONTGROUP HOLDING<\/strong><\/h3>\n<p>[\/et_pb_text][\/et_pb_column_inner][\/et_pb_row_inner][et_pb_row_inner column_structure=&#8221;1_2,1_2&#8243; _builder_version=&#8221;4.22.0&#8243; _module_preset=&#8221;default&#8221; custom_padding=&#8221;0px|||||&#8221; locked=&#8221;off&#8221; global_colors_info=&#8221;{}&#8221;][et_pb_column_inner type=&#8221;1_2&#8243; saved_specialty_column_type=&#8221;3_4&#8243; _builder_version=&#8221;4.22.0&#8243; _module_preset=&#8221;default&#8221; global_colors_info=&#8221;{}&#8221;][et_pb_blurb title=&#8221;C\u00edm&#8221; image_icon_background_color=&#8221;gcid-a93f2103-1d8b-43bb-b21d-81d84bba8b15&#8243; _builder_version=&#8221;4.27.4&#8243; _module_preset=&#8221;1cd61306-b457-4b8a-b22e-554ad7444e8e&#8221; custom_margin=&#8221;||30px||false|false&#8221; hover_enabled=&#8221;0&#8243; locked=&#8221;off&#8221; global_colors_info=&#8221;{%22gcid-779a3d53-700b-4950-9fae-611323b51b16%22:%91%22body_link_text_color%22%93,%22gcid-a93f2103-1d8b-43bb-b21d-81d84bba8b15%22:%91%22image_icon_background_color%22%93}&#8221; header_font=&#8221;Poppins|700|||||||&#8221; body_font=&#8221;Poppins||||||||&#8221; sticky_enabled=&#8221;0&#8243;]<\/p>\n<p>2351 Als\u00f3n\u00e9medi, Rakt\u00e1rAD utca 7.<\/p>\n<p>[\/et_pb_blurb][et_pb_blurb title=&#8221;Telefon&#8221; image_icon_background_color=&#8221;gcid-a93f2103-1d8b-43bb-b21d-81d84bba8b15&#8243; _builder_version=&#8221;4.27.4&#8243; _module_preset=&#8221;1cd61306-b457-4b8a-b22e-554ad7444e8e&#8221; custom_margin=&#8221;||30px||false|false&#8221; hover_enabled=&#8221;0&#8243; locked=&#8221;off&#8221; global_colors_info=&#8221;{%22gcid-779a3d53-700b-4950-9fae-611323b51b16%22:%91%22body_link_text_color%22,%22body_link_text_color%22,%22body_link_text_color%22%93,%22gcid-a93f2103-1d8b-43bb-b21d-81d84bba8b15%22:%91%22image_icon_background_color%22,%22image_icon_background_color%22,%22image_icon_background_color%22%93}&#8221; header_font=&#8221;Poppins|700|||||||&#8221; body_font=&#8221;Poppins||||||||&#8221; sticky_enabled=&#8221;0&#8243;]<\/p>\n<p>+36-1 249 11 42<\/p>\n<p>[\/et_pb_blurb][et_pb_blurb title=&#8221;Email&#8221; image_icon_background_color=&#8221;gcid-a93f2103-1d8b-43bb-b21d-81d84bba8b15&#8243; _builder_version=&#8221;4.27.4&#8243; _module_preset=&#8221;1cd61306-b457-4b8a-b22e-554ad7444e8e&#8221; custom_margin=&#8221;||30px||false|false&#8221; hover_enabled=&#8221;0&#8243; locked=&#8221;off&#8221; global_colors_info=&#8221;{%22gcid-779a3d53-700b-4950-9fae-611323b51b16%22:%91%22body_link_text_color%22,%22body_link_text_color%22,%22body_link_text_color%22%93,%22gcid-a93f2103-1d8b-43bb-b21d-81d84bba8b15%22:%91%22image_icon_background_color%22,%22image_icon_background_color%22,%22image_icon_background_color%22%93}&#8221; header_font=&#8221;Poppins|700|||||||&#8221; body_font=&#8221;Poppins||||||||&#8221; sticky_enabled=&#8221;0&#8243;]<\/p>\n<p><a href=\"mailto:#\">mcg@maxicontgroup.hu<\/a><\/p>\n<p>[\/et_pb_blurb][\/et_pb_column_inner][et_pb_column_inner type=&#8221;1_2&#8243; saved_specialty_column_type=&#8221;3_4&#8243; _builder_version=&#8221;4.22.0&#8243; _module_preset=&#8221;default&#8221; global_colors_info=&#8221;{}&#8221;][\/et_pb_column_inner][\/et_pb_row_inner][\/et_pb_column][et_pb_column type=&#8221;1_4&#8243; _builder_version=&#8221;4.16&#8243; _module_preset=&#8221;default&#8221; custom_padding=&#8221;|||&#8221; global_colors_info=&#8221;{}&#8221; custom_padding__hover=&#8221;|||&#8221;][\/et_pb_column][\/et_pb_section][et_pb_section fb_built=&#8221;1&#8243; admin_label=&#8221;Footer Copyright&#8221; _builder_version=&#8221;4.27.4&#8243; _module_preset=&#8221;default&#8221; background_color=&#8221;#FFFFFF&#8221; custom_padding=&#8221;0px||0px||true|false&#8221; saved_tabs=&#8221;all&#8221; collapsed=&#8221;on&#8221; global_colors_info=&#8221;{}&#8221;][et_pb_row _builder_version=&#8221;4.22.0&#8243; _module_preset=&#8221;default&#8221; global_colors_info=&#8221;{}&#8221;][et_pb_column type=&#8221;4_4&#8243; _builder_version=&#8221;4.22.0&#8243; _module_preset=&#8221;default&#8221; global_colors_info=&#8221;{}&#8221;][et_pb_text _builder_version=&#8221;4.27.4&#8243; _dynamic_attributes=&#8221;content&#8221; _module_preset=&#8221;42d2ec93-e906-42ba-b375-d8c4c141eb7c&#8221; text_orientation=&#8221;center&#8221; hover_enabled=&#8221;0&#8243; global_colors_info=&#8221;{}&#8221; text_font=&#8221;Poppins||||||||&#8221; sticky_enabled=&#8221;0&#8243;]@ET-DC@eyJkeW5hbWljIjp0cnVlLCJjb250ZW50IjoiY3VycmVudF9kYXRlIiwic2V0dGluZ3MiOnsiYmVmb3JlIjoiQ29weXJpZ2h0ICZjb3B5OyAiLCJhZnRlciI6IiBNYXhpY29udEdyb3VwIEhvbGRpbmcgS2Z0LiBNaW5kZW4gam9nIGZlbm50YXJ0dmEiLCJkYXRlX2Zvcm1hdCI6ImN1c3RvbSIsImN1c3RvbV9kYXRlX2Zvcm1hdCI6IlkifX0=@[\/et_pb_text][\/et_pb_column][\/et_pb_row][\/et_pb_section]<\/p>\n","protected":false},"excerpt":{"rendered":"<p>T\u00e1vvezet\u00e9k Vonali M\u00e9rn\u00f6k Le\u00edr\u00e1sNagyfesz\u00fclts\u00e9g\u0171 t\u00e1vvezet\u00e9k\u00e9p\u00edt\u0151 Le\u00edr\u00e1sF\u0151eloszt\u00f3-h\u00e1l\u00f3zati szerel\u0151 Le\u00edr\u00e1sVillamos berendez\u00e9s gy\u00e1rt\u00f3 Le\u00edr\u00e1sMAXICONTGROUP HOLDING2351 Als\u00f3n\u00e9medi, Rakt\u00e1rAD utca 7.+36-1 249 11 42mcg@maxicontgroup.hu<\/p>\n","protected":false},"author":1,"featured_media":0,"parent":0,"menu_order":0,"comment_status":"closed","ping_status":"closed","template":"","meta":{"_et_pb_use_builder":"on","_et_pb_old_content":"","_et_gb_content_width":"","footnotes":""},"class_list":["post-134","page","type-page","status-publish","hentry"],"_links":{"self":[{"href":"https:\/\/maxicontgroup.hu\/index.php\/wp-json\/wp\/v2\/pages\/134","targetHints":{"allow":["GET"]}}],"collection":[{"href":"https:\/\/maxicontgroup.hu\/index.php\/wp-json\/wp\/v2\/pages"}],"about":[{"href":"https:\/\/maxicontgroup.hu\/index.php\/wp-json\/wp\/v2\/types\/page"}],"author":[{"embeddable":true,"href":"https:\/\/maxicontgroup.hu\/index.php\/wp-json\/wp\/v2\/users\/1"}],"replies":[{"embeddable":true,"href":"https:\/\/maxicontgroup.hu\/index.php\/wp-json\/wp\/v2\/comments?post=134"}],"version-history":[{"count":20,"href":"https:\/\/maxicontgroup.hu\/index.php\/wp-json\/wp\/v2\/pages\/134\/revisions"}],"predecessor-version":[{"id":921,"href":"https:\/\/maxicontgroup.hu\/index.php\/wp-json\/wp\/v2\/pages\/134\/revisions\/921"}],"wp:attachment":[{"href":"https:\/\/maxicontgroup.hu\/index.php\/wp-json\/wp\/v2\/media?parent=134"}],"curies":[{"name":"wp","href":"https:\/\/api.w.org\/{rel}","templated":true}]}}