{"id":2,"date":"2024-07-14T19:01:29","date_gmt":"2024-07-14T19:01:29","guid":{"rendered":"https:\/\/maxicontgroup.hu\/?page_id=2"},"modified":"2026-01-24T17:54:53","modified_gmt":"2026-01-24T16:54:53","slug":"sample-page","status":"publish","type":"page","link":"https:\/\/maxicontgroup.hu\/","title":{"rendered":"F\u0151oldal"},"content":{"rendered":"\n[et_pb_section fb_built=&#8221;1&#8243; admin_label=&#8221;Header&#8221; _builder_version=&#8221;4.27.4&#8243; _module_preset=&#8221;default&#8221; background_image=&#8221;https:\/\/maxicontgroup.hu\/wp-content\/uploads\/2025\/09\/Screenshot-2025-09-14-at-20.45.53-scaled.png&#8221; background_size=&#8221;contain&#8221; background_enable_video_mp4=&#8221;off&#8221; custom_padding=&#8221;2vw||47vw||false|false&#8221; animation_style=&#8221;slide&#8221; background_last_edited=&#8221;on|desktop&#8221; border_radii=&#8221;off|||0vw|0vw&#8221; collapsed=&#8221;on&#8221; global_colors_info=&#8221;{}&#8221;][\/et_pb_section][et_pb_section fb_built=&#8221;1&#8243; _builder_version=&#8221;4.27.4&#8243; _module_preset=&#8221;default&#8221; custom_margin=&#8221;-40px||-40px||false|false&#8221; custom_padding=&#8221;0px||0px||false|false&#8221; global_colors_info=&#8221;{}&#8221;][et_pb_row column_structure=&#8221;1_4,1_4,1_4,1_4&#8243; _builder_version=&#8221;4.27.4&#8243; _module_preset=&#8221;default&#8221; width=&#8221;100%&#8221; max_width=&#8221;2560px&#8221; global_colors_info=&#8221;{}&#8221;][et_pb_column type=&#8221;1_4&#8243; _builder_version=&#8221;4.27.4&#8243; _module_preset=&#8221;default&#8221; global_colors_info=&#8221;{}&#8221;][et_pb_blurb url=&#8221;https:\/\/maxicontgroup.hu\/?page_id=86&#8243; image=&#8221;https:\/\/maxicontgroup.hu\/wp-content\/uploads\/2025\/09\/AdobeStock_1369370123-scaled-e1758188398885.jpeg&#8221; image_icon_width=&#8221;100%&#8221; content_max_width=&#8221;1100px&#8221; module_class=&#8221;blurb-reverse&#8221; _builder_version=&#8221;4.27.4&#8243; _module_preset=&#8221;default&#8221; body_font=&#8221;Poppins||||||||&#8221; background_color=&#8221;#294492&#8243; background_enable_image=&#8221;off&#8221; image_icon_custom_margin=&#8221;||-30px||false|false&#8221; background_layout=&#8221;dark&#8221; width=&#8221;120%&#8221; animation_style=&#8221;fade&#8221; link_option_url=&#8221;https:\/\/maxicontgroup.hu\/?page_id=86&#8243; custom_css_free_form=&#8221;.blurb-reverse .et_pb_blurb_content {||  display: flex;||  flex-direction: column-reverse;||}||&#8221; global_colors_info=&#8221;{}&#8221;]<p style=\"text-align: center;\">AL\u00c1LLOM\u00c1S, VILLAMOSTECHNOL\u00d3GIA, ENERGIAT\u00c1ROL\u00c1SI MEGOLD\u00c1SOK<\/p>[\/et_pb_blurb][\/et_pb_column][et_pb_column type=&#8221;1_4&#8243; _builder_version=&#8221;4.27.4&#8243; _module_preset=&#8221;default&#8221; global_colors_info=&#8221;{}&#8221;][et_pb_blurb url=&#8221;https:\/\/maxicontgroup.hu\/?page_id=91&#8243; image_icon_background_color=&#8221;RGBA(255,255,255,0)&#8221; image=&#8221;https:\/\/maxicontgroup.hu\/wp-content\/uploads\/2025\/09\/IMG_20210429_1214452-scaled-e1758188326895.jpg&#8221; image_icon_width=&#8221;100%&#8221; content_max_width=&#8221;1100px&#8221; module_class=&#8221;blurb-reverse&#8221; _builder_version=&#8221;4.27.4&#8243; _module_preset=&#8221;default&#8221; body_font=&#8221;Poppins||||||||&#8221; background_color=&#8221;#c50015&#8243; image_icon_custom_margin=&#8221;5px||-30px|0px|false|false&#8221; image_icon_custom_padding=&#8221;5px||0px||false|false&#8221; background_layout=&#8221;dark&#8221; width=&#8221;120%&#8221; custom_margin=&#8221;||0px|-20px|false|false&#8221; custom_padding=&#8221;||0px||false|false&#8221; animation_style=&#8221;fade&#8221; link_option_url=&#8221;https:\/\/maxicontgroup.hu\/?page_id=91&#8243; custom_css_free_form=&#8221;.blurb-reverse .et_pb_blurb_content {||  display: flex;||  flex-direction: column-reverse;||}||&#8221; global_colors_info=&#8221;{}&#8221;]<p style=\"text-align: center;\"><span>\u00c9P\u00cdT\u00c9SZET, K\u00c1BELFEKTET\u00c9S, T\u00c1VVEZET\u00c9K<\/span><\/p>\n<p style=\"text-align: center;\"><span><\/span><\/p>[\/et_pb_blurb][\/et_pb_column][et_pb_column type=&#8221;1_4&#8243; _builder_version=&#8221;4.27.4&#8243; _module_preset=&#8221;default&#8221; global_colors_info=&#8221;{}&#8221;][et_pb_blurb url=&#8221;https:\/\/maxicontgroup.hu\/?page_id=96&#8243; image=&#8221;https:\/\/maxicontgroup.hu\/wp-content\/uploads\/2025\/09\/AdobeStock_324026336-scaled-e1758188082568.jpeg&#8221; image_icon_width=&#8221;100%&#8221; content_max_width=&#8221;1100px&#8221; module_class=&#8221;blurb-reverse&#8221; _builder_version=&#8221;4.27.4&#8243; _module_preset=&#8221;default&#8221; body_font=&#8221;Poppins||||||||&#8221; background_color=&#8221;#3da07d&#8221; image_icon_custom_margin=&#8221;|0px|-30px|0px|false|false&#8221; image_icon_custom_padding=&#8221;10px||0px|0px|false|false&#8221; background_layout=&#8221;dark&#8221; width=&#8221;120%&#8221; max_width=&#8221;128%&#8221; custom_margin=&#8221;|||-39px|false|false&#8221; custom_padding=&#8221;||||false|false&#8221; animation_style=&#8221;fade&#8221; link_option_url=&#8221;https:\/\/maxicontgroup.hu\/?page_id=96&#8243; border_style_all=&#8221;none&#8221; global_colors_info=&#8221;{}&#8221;]<p style=\"text-align: center;\">K\u00d6T\u00d6TTP\u00c1LY\u00c1S RENDSZEREK<\/p>\n<p style=\"text-align: center;\">[\/et_pb_blurb][\/et_pb_column][et_pb_column type=&#8221;1_4&#8243; _builder_version=&#8221;4.27.4&#8243; _module_preset=&#8221;default&#8221; global_colors_info=&#8221;{}&#8221;][et_pb_blurb url=&#8221;https:\/\/maxicontgroup.hu\/?page_id=99&#8243; image=&#8221;https:\/\/maxicontgroup.hu\/wp-content\/uploads\/2025\/09\/AdobeStock_1341994741-scaled.jpeg&#8221; module_class=&#8221;blurb-reverse&#8221; _builder_version=&#8221;4.27.4&#8243; _module_preset=&#8221;default&#8221; body_font=&#8221;Poppins||||||||&#8221; background_color=&#8221;#8F8F8F&#8221; image_icon_custom_margin=&#8221;||-30px||false|false&#8221; image_icon_custom_padding=&#8221;10px||||false|false&#8221; background_layout=&#8221;dark&#8221; custom_margin=&#8221;||0px|-60px|false|false&#8221; custom_padding=&#8221;||0px||false|false&#8221; animation_style=&#8221;fade&#8221; link_option_url=&#8221;https:\/\/maxicontgroup.hu\/?page_id=99&#8243; global_colors_info=&#8221;{}&#8221;]<p style=\"text-align: center;\">TERVEZ\u00c9S<\/p>\n<p style=\"text-align: center;\">[\/et_pb_blurb][\/et_pb_column][\/et_pb_row][\/et_pb_section][et_pb_section fb_built=&#8221;1&#8243; _builder_version=&#8221;4.27.4&#8243; _module_preset=&#8221;default&#8221; background_enable_image=&#8221;off&#8221; background_size=&#8221;contain&#8221; global_colors_info=&#8221;{}&#8221;][et_pb_row _builder_version=&#8221;4.27.4&#8243; _module_preset=&#8221;default&#8221; width=&#8221;100%&#8221; max_width=&#8221;1673px&#8221; global_colors_info=&#8221;{}&#8221;][et_pb_column type=&#8221;4_4&#8243; _builder_version=&#8221;4.27.4&#8243; _module_preset=&#8221;default&#8221; global_colors_info=&#8221;{}&#8221;][et_pb_image src=&#8221;https:\/\/maxicontgroup.hu\/wp-content\/uploads\/2025\/09\/Maxicont-Web-Foolddal-pic2-scaled-e1758357447518.jpg&#8221; title_text=&#8221;Maxicont Web F\u0151olddal pic2&#8243; show_bottom_space=&#8221;off&#8221; align=&#8221;center&#8221; force_fullwidth=&#8221;on&#8221; _builder_version=&#8221;4.27.4&#8243; _module_preset=&#8221;default&#8221; custom_padding=&#8221;0px|0px|0px|0px|false|false&#8221; animation_style=&#8221;slide&#8221; global_colors_info=&#8221;{}&#8221;][\/et_pb_image][\/et_pb_column][\/et_pb_row][\/et_pb_section][et_pb_section fb_built=&#8221;1&#8243; admin_label=&#8221;Projects&#8221; _builder_version=&#8221;4.27.4&#8243; _module_preset=&#8221;default&#8221; background_color=&#8221;#12876F&#8221; custom_padding=&#8221;||52px|||&#8221; border_radii=&#8221;off|0vw|0vw||&#8221; collapsed=&#8221;on&#8221; global_colors_info=&#8221;{}&#8221;][et_pb_row _builder_version=&#8221;4.22.0&#8243; _module_preset=&#8221;default&#8221; global_colors_info=&#8221;{}&#8221;][et_pb_column type=&#8221;4_4&#8243; _builder_version=&#8221;4.22.0&#8243; _module_preset=&#8221;default&#8221; global_colors_info=&#8221;{}&#8221;][et_pb_text _builder_version=&#8221;4.27.4&#8243; _module_preset=&#8221;b48c39a3-388b-42cc-af97-c6e4347065e6&#8243; text_text_color=&#8221;#FFFFFF&#8221; text_orientation=&#8221;center&#8221; background_layout=&#8221;dark&#8221; hover_enabled=&#8221;0&#8243; global_colors_info=&#8221;{}&#8221; header_font=&#8221;Poppins||||||||&#8221; text_font=&#8221;Poppins||||||||&#8221; sticky_enabled=&#8221;0&#8243;]<h2>H\u00edreink<\/h2>[\/et_pb_text][\/et_pb_column][\/et_pb_row][et_pb_row column_structure=&#8221;1_2,1_2&#8243; _builder_version=&#8221;4.24.0&#8243; _module_preset=&#8221;default&#8221; max_width=&#8221;1800px&#8221; global_colors_info=&#8221;{}&#8221;][et_pb_column type=&#8221;1_2&#8243; _builder_version=&#8221;4.22.0&#8243; _module_preset=&#8221;default&#8221; global_colors_info=&#8221;{}&#8221;][et_pb_video src=&#8221;https:\/\/www.youtube.com\/watch?v=qobkAUWH-Gc&#8221; _builder_version=&#8221;4.27.4&#8243; _module_preset=&#8221;default&#8221; animation_style=&#8221;slide&#8221; global_colors_info=&#8221;{}&#8221;][\/et_pb_video][et_pb_text _builder_version=&#8221;4.27.4&#8243; _module_preset=&#8221;e186efcf-b1bd-4167-9ee0-6bcd66beeee7&#8243; text_font=&#8221;Poppins||||||||&#8221; text_text_color=&#8221;#FFFFFF&#8221; text_line_height=&#8221;1.9em&#8221; background_layout=&#8221;dark&#8221; custom_margin=&#8221;||0px||false|false&#8221; global_colors_info=&#8221;{}&#8221;]<h4>Nemzetgazdas\u00e1gi jelent\u0151s\u00e9g\u0171 projektet val\u00f3s\u00edtottunk meg a Debreceni D\u00e9li Ipari Parkban<\/h4>[\/et_pb_text][\/et_pb_column][et_pb_column type=&#8221;1_2&#8243; _builder_version=&#8221;4.22.0&#8243; _module_preset=&#8221;default&#8221; global_colors_info=&#8221;{}&#8221;][et_pb_image src=&#8221;https:\/\/maxicontgroup.hu\/wp-content\/uploads\/2025\/05\/Galgaguta_1.jpg&#8221; title_text=&#8221;Galgaguta_1&#8243; url=&#8221;https:\/\/maxicontgroup.hu\/?page_id=86\/#alallomas_hir&#8221; force_fullwidth=&#8221;on&#8221; _builder_version=&#8221;4.27.4&#8243; _module_preset=&#8221;default&#8221; animation_style=&#8221;slide&#8221; scroll_horizontal_motion_enable=&#8221;on&#8221; scroll_horizontal_motion=&#8221;0|70|70|100|-0.3|0|0&#8243; motion_trigger_start=&#8221;top&#8221; global_colors_info=&#8221;{}&#8221;][\/et_pb_image][et_pb_text _builder_version=&#8221;4.27.4&#8243; _module_preset=&#8221;e186efcf-b1bd-4167-9ee0-6bcd66beeee7&#8243; text_font=&#8221;Poppins||||||||&#8221; text_font_size=&#8221;16px&#8221; background_layout=&#8221;dark&#8221; custom_margin=&#8221;||10px||false|false&#8221; link_option_url=&#8221;https:\/\/maxicontgroup.hu\/?page_id=86\/#alallomas_hir&#8221; global_colors_info=&#8221;{}&#8221;]<h4><b><span>M\u00e9rf\u00f6ldk\u0151nek sz\u00e1m\u00edt\u00f3 projekt Szihalmon<\/span><\/b><\/h4>[\/et_pb_text][\/et_pb_column][\/et_pb_row][\/et_pb_section][et_pb_section fb_built=&#8221;1&#8243; _builder_version=&#8221;4.27.4&#8243; _module_preset=&#8221;default&#8221; custom_padding=&#8221;||16px|||&#8221; global_colors_info=&#8221;{}&#8221;][et_pb_row _builder_version=&#8221;4.27.4&#8243; _module_preset=&#8221;default&#8221; global_colors_info=&#8221;{}&#8221;][et_pb_column type=&#8221;4_4&#8243; _builder_version=&#8221;4.27.4&#8243; _module_preset=&#8221;default&#8221; global_colors_info=&#8221;{}&#8221;][et_pb_image src=&#8221;https:\/\/maxicontgroup.hu\/wp-content\/uploads\/2025\/11\/Screenshot-2025-11-02-at-13.19.22-scaled.png&#8221; title_text=&#8221;Screenshot 2025-11-02 at 13.19.22&#8243; _builder_version=&#8221;4.27.4&#8243; _module_preset=&#8221;default&#8221; global_colors_info=&#8221;{}&#8221;][\/et_pb_image][\/et_pb_column][\/et_pb_row][\/et_pb_section][et_pb_section fb_built=&#8221;1&#8243; fullwidth=&#8221;on&#8221; _builder_version=&#8221;4.27.4&#8243; _module_preset=&#8221;default&#8221; custom_padding=&#8221;||0px|||&#8221; global_colors_info=&#8221;{}&#8221;][et_pb_fullwidth_image src=&#8221;https:\/\/maxicontgroup.hu\/wp-content\/uploads\/2025\/09\/Maxicont-Web-elerhetosegek-scaled.jpg&#8221; title_text=&#8221;Maxicont Web el\u00e9rhet\u0151s\u00e9gek&#8221; _builder_version=&#8221;4.27.4&#8243; _module_preset=&#8221;default&#8221; width=&#8221;55%&#8221; module_alignment=&#8221;center&#8221; global_colors_info=&#8221;{}&#8221;][\/et_pb_fullwidth_image][\/et_pb_section][et_pb_section fb_built=&#8221;1&#8243; admin_label=&#8221;Footer Copyright&#8221; _builder_version=&#8221;4.27.4&#8243; _module_preset=&#8221;default&#8221; background_color=&#8221;#FFFFFF&#8221; custom_padding=&#8221;0px||0px||true|false&#8221; saved_tabs=&#8221;all&#8221; collapsed=&#8221;on&#8221; global_colors_info=&#8221;{}&#8221;][et_pb_row _builder_version=&#8221;4.22.0&#8243; _module_preset=&#8221;default&#8221; global_colors_info=&#8221;{}&#8221;][et_pb_column type=&#8221;4_4&#8243; _builder_version=&#8221;4.22.0&#8243; _module_preset=&#8221;default&#8221; global_colors_info=&#8221;{}&#8221;][et_pb_text _builder_version=&#8221;4.27.4&#8243; _dynamic_attributes=&#8221;content&#8221; _module_preset=&#8221;95f6a445-ce8e-4094-8b74-4701e21ff491&#8243; text_font=&#8221;Poppins||||||||&#8221; text_orientation=&#8221;center&#8221; global_colors_info=&#8221;{}&#8221;]@ET-DC@eyJkeW5hbWljIjp0cnVlLCJjb250ZW50IjoiY3VycmVudF9kYXRlIiwic2V0dGluZ3MiOnsiYmVmb3JlIjoiQ29weXJpZ2h0ICZjb3B5OyAiLCJhZnRlciI6IiBNYXhpY29udEdyb3VwIEhvbGRpbmcgS2Z0LiBNaW5kZW4gam9nIGZlbm50YXJ0dmEiLCJkYXRlX2Zvcm1hdCI6ImN1c3RvbSIsImN1c3RvbV9kYXRlX2Zvcm1hdCI6IlkifX0=@[\/et_pb_text][\/et_pb_column][\/et_pb_row][\/et_pb_section]\n","protected":false},"excerpt":{"rendered":"<p>AL\u00c1LLOM\u00c1S, VILLAMOSTECHNOL\u00d3GIA, ENERGIAT\u00c1ROL\u00c1SI MEGOLD\u00c1SOK\u00c9P\u00cdT\u00c9SZET, K\u00c1BELFEKTET\u00c9S, T\u00c1VVEZET\u00c9K K\u00d6T\u00d6TTP\u00c1LY\u00c1S RENDSZEREK TERVEZ\u00c9S H\u00edreinkNemzetgazdas\u00e1gi jelent\u0151s\u00e9g\u0171 projektet val\u00f3s\u00edtottunk meg a Debreceni D\u00e9li Ipari ParkbanM\u00e9rf\u00f6ldk\u0151nek sz\u00e1m\u00edt\u00f3 projekt Szihalmon<\/p>\n","protected":false},"author":1,"featured_media":0,"parent":0,"menu_order":0,"comment_status":"closed","ping_status":"closed","template":"","meta":{"_et_pb_use_builder":"on","_et_pb_old_content":"<!-- wp:paragraph -->\n<p>This is an example page. It's different from a blog post because it will stay in one place and will show up in your site navigation (in most themes). Most people start with an About page that introduces them to potential site visitors. It might say something like this:<\/p>\n<!-- \/wp:paragraph -->\n\n<!-- wp:quote -->\n<blockquote class=\"wp-block-quote\"><p>Hi there! I'm a bike messenger by day, aspiring actor by night, and this is my website. I live in Los Angeles, have a great dog named Jack, and I like pi&#241;a coladas. (And gettin' caught in the rain.)<\/p><\/blockquote>\n<!-- \/wp:quote -->\n\n<!-- wp:paragraph -->\n<p>...or something like this:<\/p>\n<!-- \/wp:paragraph -->\n\n<!-- wp:quote -->\n<blockquote class=\"wp-block-quote\"><p>The XYZ Doohickey Company was founded in 1971, and has been providing quality doohickeys to the public ever since. Located in Gotham City, XYZ employs over 2,000 people and does all kinds of awesome things for the Gotham community.<\/p><\/blockquote>\n<!-- \/wp:quote -->\n\n<!-- wp:paragraph -->\n<p>As a new WordPress user, you should go to <a href=\"https:\/\/maxicontgroup.hu\/wp-admin\/\">your dashboard<\/a> to delete this page and create new pages for your content. Have fun!<\/p>\n<!-- \/wp:paragraph -->","_et_gb_content_width":"","footnotes":""},"class_list":["post-2","page","type-page","status-publish","hentry"],"_links":{"self":[{"href":"https:\/\/maxicontgroup.hu\/index.php\/wp-json\/wp\/v2\/pages\/2","targetHints":{"allow":["GET"]}}],"collection":[{"href":"https:\/\/maxicontgroup.hu\/index.php\/wp-json\/wp\/v2\/pages"}],"about":[{"href":"https:\/\/maxicontgroup.hu\/index.php\/wp-json\/wp\/v2\/types\/page"}],"author":[{"embeddable":true,"href":"https:\/\/maxicontgroup.hu\/index.php\/wp-json\/wp\/v2\/users\/1"}],"replies":[{"embeddable":true,"href":"https:\/\/maxicontgroup.hu\/index.php\/wp-json\/wp\/v2\/comments?post=2"}],"version-history":[{"count":92,"href":"https:\/\/maxicontgroup.hu\/index.php\/wp-json\/wp\/v2\/pages\/2\/revisions"}],"predecessor-version":[{"id":944,"href":"https:\/\/maxicontgroup.hu\/index.php\/wp-json\/wp\/v2\/pages\/2\/revisions\/944"}],"wp:attachment":[{"href":"https:\/\/maxicontgroup.hu\/index.php\/wp-json\/wp\/v2\/media?parent=2"}],"curies":[{"name":"wp","href":"https:\/\/api.w.org\/{rel}","templated":true}]}}