{"id":91,"date":"2024-12-03T15:58:57","date_gmt":"2024-12-03T14:58:57","guid":{"rendered":"https:\/\/maxicontgroup.hu\/bellerophon\/?page_id=91"},"modified":"2025-11-02T14:20:05","modified_gmt":"2025-11-02T13:20:05","slug":"epiteszet-es-nyomvonalas-letesitmenyek","status":"publish","type":"page","link":"https:\/\/maxicontgroup.hu\/index.php\/epiteszet-es-nyomvonalas-letesitmenyek\/","title":{"rendered":"\u00c9p\u00edt\u00e9szet, k\u00e1belfektet\u00e9s, t\u00e1vvezet\u00e9k"},"content":{"rendered":"<p>[et_pb_section fb_built=&#8221;1&#8243; admin_label=&#8221;Header&#8221; _builder_version=&#8221;4.22.0&#8243; _module_preset=&#8221;default&#8221; overflow-x=&#8221;hidden&#8221; overflow-y=&#8221;hidden&#8221; collapsed=&#8221;on&#8221; global_colors_info=&#8221;{}&#8221;][et_pb_row _builder_version=&#8221;4.27.4&#8243; _module_preset=&#8221;default&#8221; width=&#8221;100%&#8221; max_width=&#8221;1854px&#8221; global_colors_info=&#8221;{}&#8221;][et_pb_column type=&#8221;4_4&#8243; _builder_version=&#8221;4.27.4&#8243; _module_preset=&#8221;default&#8221; global_colors_info=&#8221;{}&#8221;][et_pb_image src=&#8221;https:\/\/maxicontgroup.hu\/wp-content\/uploads\/2025\/09\/Maxicont-Web-Power-oldal-pic1-scaled.jpg&#8221; title_text=&#8221;Maxicont Web Power oldal pic1&#8243; align=&#8221;center&#8221; force_fullwidth=&#8221;on&#8221; _builder_version=&#8221;4.27.4&#8243; _module_preset=&#8221;default&#8221; global_colors_info=&#8221;{}&#8221;][\/et_pb_image][\/et_pb_column][\/et_pb_row][\/et_pb_section][et_pb_section fb_built=&#8221;1&#8243; admin_label=&#8221;Feature&#8221; _builder_version=&#8221;4.24.0&#8243; _module_preset=&#8221;default&#8221; background_color=&#8221;gcid-a93f2103-1d8b-43bb-b21d-81d84bba8b15&#8243; use_background_color_gradient=&#8221;on&#8221; background_color_gradient_stops=&#8221;#f2f0eb 0%|#ffffff 100%&#8221; custom_padding=&#8221;0px|||||&#8221; locked=&#8221;off&#8221; global_colors_info=&#8221;{%22gcid-a93f2103-1d8b-43bb-b21d-81d84bba8b15%22:%91%22background_color%22%93}&#8221;][et_pb_row _builder_version=&#8221;4.27.4&#8243; _module_preset=&#8221;default&#8221; width=&#8221;100%&#8221; max_width=&#8221;2560px&#8221; custom_margin=&#8221;||6vw||false|false&#8221; custom_padding=&#8221;0px|||||&#8221; global_colors_info=&#8221;{}&#8221;][et_pb_column type=&#8221;4_4&#8243; _builder_version=&#8221;4.24.0&#8243; _module_preset=&#8221;default&#8221; global_colors_info=&#8221;{}&#8221;][et_pb_image src=&#8221;https:\/\/maxicontgroup.hu\/wp-content\/uploads\/2025\/09\/Maxicont-Web-Power-oldal-pic2-scaled.jpg&#8221; title_text=&#8221;Maxicont Web Power oldal pic2&#8243; align=&#8221;center&#8221; force_fullwidth=&#8221;on&#8221; _builder_version=&#8221;4.27.4&#8243; _module_preset=&#8221;default&#8221; global_colors_info=&#8221;{}&#8221;][\/et_pb_image][\/et_pb_column][\/et_pb_row][\/et_pb_section][et_pb_section fb_built=&#8221;1&#8243; _builder_version=&#8221;4.27.4&#8243; _module_preset=&#8221;default&#8221; custom_padding=&#8221;1px|||||&#8221; global_colors_info=&#8221;{}&#8221;][et_pb_row column_structure=&#8221;1_2,1_2&#8243; use_custom_gutter=&#8221;on&#8221; gutter_width=&#8221;1&#8243; _builder_version=&#8221;4.27.4&#8243; _module_preset=&#8221;default&#8221; width=&#8221;100%&#8221; module_alignment=&#8221;right&#8221; animation_style=&#8221;slide&#8221; global_colors_info=&#8221;{}&#8221;][et_pb_column type=&#8221;1_2&#8243; _builder_version=&#8221;4.27.4&#8243; _module_preset=&#8221;default&#8221; global_colors_info=&#8221;{}&#8221;][et_pb_image src=&#8221;https:\/\/maxicontgroup.hu\/wp-content\/uploads\/2025\/09\/Power-allomas-scaled.jpg&#8221; show_bottom_space=&#8221;off&#8221; _builder_version=&#8221;4.27.4&#8243; _module_preset=&#8221;default&#8221; max_width=&#8221;80%&#8221; module_alignment=&#8221;right&#8221; custom_padding=&#8221;|0px|||false|false&#8221; global_colors_info=&#8221;{}&#8221;][\/et_pb_image][\/et_pb_column][et_pb_column type=&#8221;1_2&#8243; _builder_version=&#8221;4.27.4&#8243; _module_preset=&#8221;default&#8221; global_colors_info=&#8221;{}&#8221;][et_pb_text _builder_version=&#8221;4.27.4&#8243; _module_preset=&#8221;default&#8221; text_font=&#8221;Poppins||||||||&#8221; text_text_color=&#8221;#FFFFFF&#8221; text_font_size=&#8221;16px&#8221; background_color=&#8221;#c50015&#8243; custom_margin=&#8221;0px||||false|false&#8221; custom_padding=&#8221;56px|20px|56px|20px|false|false&#8221; hover_enabled=&#8221;0&#8243; global_colors_info=&#8221;{}&#8221; sticky_enabled=&#8221;0&#8243;]<\/p>\n<div>\n<p class=\"Standard\"><span lang=\"HU\">\u00c9P\u00cdT\u00c9SZETI MUNK\u00c1K<o:p><\/o:p><\/span><\/p>\n<p class=\"Standard\"><span lang=\"HU\"><\/span><\/p>\n<\/div>\n<div>\n<p class=\"Standard\"><span lang=\"HU\">Villamos al\u00e1llom\u00e1s l\u00e9tes\u00edt\u00e9s \u00e9s rekonstrukci\u00f3 sor\u00e1n felmer\u00fcl\u0151 \u00e9p\u00edt\u00e9szeti munk\u00e1k. Seg\u00e9d\u00fczemek (rel\u00e9h\u00e1zak, vez\u00e9nyl\u0151\u00e9p\u00fcletek), nagyfesz\u00fclts\u00e9g\u0171 k\u00e9sz\u00fcl\u00e9kalapok, transzform\u00e1toralapok kivitelez\u00e9se. Vasbeton szerkezetek \u00e9p\u00edt\u00e9se.<o:p><\/o:p><\/span><\/p>\n<\/div>\n<p>[\/et_pb_text][\/et_pb_column][\/et_pb_row][\/et_pb_section][et_pb_section fb_built=&#8221;1&#8243; _builder_version=&#8221;4.27.4&#8243; _module_preset=&#8221;default&#8221; custom_padding=&#8221;4px||0px|||&#8221; global_colors_info=&#8221;{}&#8221;][et_pb_row column_structure=&#8221;1_2,1_2&#8243; use_custom_gutter=&#8221;on&#8221; gutter_width=&#8221;1&#8243; _builder_version=&#8221;4.27.4&#8243; _module_preset=&#8221;default&#8221; width=&#8221;100%&#8221; module_alignment=&#8221;left&#8221; custom_padding=&#8221;6px|0px|4px|||&#8221; animation_style=&#8221;slide&#8221; global_colors_info=&#8221;{}&#8221;][et_pb_column type=&#8221;1_2&#8243; _builder_version=&#8221;4.27.4&#8243; _module_preset=&#8221;default&#8221; global_colors_info=&#8221;{}&#8221;][et_pb_text _builder_version=&#8221;4.27.4&#8243; _module_preset=&#8221;default&#8221; text_font=&#8221;Poppins||||||||&#8221; text_text_color=&#8221;#FFFFFF&#8221; text_font_size=&#8221;16px&#8221; background_color=&#8221;#c50015&#8243; custom_margin=&#8221;0px||||false|false&#8221; custom_padding=&#8221;43px|24px|43px|46px|false|false&#8221; hover_enabled=&#8221;0&#8243; global_colors_info=&#8221;{}&#8221; sticky_enabled=&#8221;0&#8243;]<\/p>\n<div>\n<p class=\"Standard\"><span lang=\"HU\">K\u00c1BELFEKTET\u00c9SI MUNK\u00c1K<o:p><\/o:p><\/span><\/p>\n<p class=\"Standard\"><span lang=\"HU\"><\/span><\/p>\n<\/div>\n<div>\n<p class=\"Standard\"><span lang=\"HU\">K\u00e1belnyomvonalak \u00e9s al\u00e9p\u00edtm\u00e9nyek kialak\u00edt\u00e1sa, K\u00d6F\/NAF k\u00e1belek fektet\u00e9se \u00e9s szerel\u00e9se, optikai \u00f6sszek\u00f6ttet\u00e9sek megval\u00f3s\u00edt\u00e1sa, a sz\u00fcks\u00e9ges m\u00e9r\u00e9sek elv\u00e9gz\u00e9se. Mindez a legmodernebb g\u00e9pparkkal, z\u00f6ldmez\u0151s, v\u00e1rosias \u00e9s\/vagy ipari k\u00f6rnyezetben.<o:p><\/o:p><\/span><\/p>\n<\/div>\n<p>[\/et_pb_text][\/et_pb_column][et_pb_column type=&#8221;1_2&#8243; _builder_version=&#8221;4.27.4&#8243; _module_preset=&#8221;default&#8221; global_colors_info=&#8221;{}&#8221;][et_pb_image src=&#8221;https:\/\/maxicontgroup.hu\/wp-content\/uploads\/2025\/09\/Power-kabel-e1758384071128.jpg&#8221; title_text=&#8221;Power kabel&#8221; show_bottom_space=&#8221;off&#8221; _builder_version=&#8221;4.27.4&#8243; _module_preset=&#8221;default&#8221; width=&#8221;80%&#8221; custom_margin=&#8221;|||0px|false|false&#8221; custom_padding=&#8221;|||0px|false|false&#8221; global_colors_info=&#8221;{}&#8221;][\/et_pb_image][\/et_pb_column][\/et_pb_row][\/et_pb_section][et_pb_section fb_built=&#8221;1&#8243; _builder_version=&#8221;4.27.4&#8243; _module_preset=&#8221;default&#8221; custom_padding=&#8221;1px|||||&#8221; global_colors_info=&#8221;{}&#8221;][et_pb_row column_structure=&#8221;1_2,1_2&#8243; use_custom_gutter=&#8221;on&#8221; gutter_width=&#8221;1&#8243; _builder_version=&#8221;4.27.4&#8243; _module_preset=&#8221;default&#8221; width=&#8221;100%&#8221; module_alignment=&#8221;right&#8221; animation_style=&#8221;slide&#8221; global_colors_info=&#8221;{}&#8221;][et_pb_column type=&#8221;1_2&#8243; _builder_version=&#8221;4.27.4&#8243; _module_preset=&#8221;default&#8221; global_colors_info=&#8221;{}&#8221;][et_pb_image src=&#8221;https:\/\/maxicontgroup.hu\/wp-content\/uploads\/2025\/09\/Power-Oszlop-scaled-e1758384384528.jpg&#8221; title_text=&#8221;Power Oszlop&#8221; show_bottom_space=&#8221;off&#8221; _builder_version=&#8221;4.27.4&#8243; _module_preset=&#8221;default&#8221; max_width=&#8221;80%&#8221; module_alignment=&#8221;right&#8221; custom_margin=&#8221;||||false|false&#8221; custom_padding=&#8221;|0px|||false|false&#8221; global_colors_info=&#8221;{}&#8221;][\/et_pb_image][\/et_pb_column][et_pb_column type=&#8221;1_2&#8243; _builder_version=&#8221;4.27.4&#8243; _module_preset=&#8221;default&#8221; global_colors_info=&#8221;{}&#8221;][et_pb_text _builder_version=&#8221;4.27.4&#8243; _module_preset=&#8221;default&#8221; text_font=&#8221;Poppins||||||||&#8221; text_text_color=&#8221;#FFFFFF&#8221; text_font_size=&#8221;16px&#8221; background_color=&#8221;#c50015&#8243; custom_margin=&#8221;0px||||false|false&#8221; custom_padding=&#8221;34px|20px|33px|20px|false|false&#8221; hover_enabled=&#8221;0&#8243; global_colors_info=&#8221;{}&#8221; content__hover_enabled=&#8221;off|desktop&#8221; sticky_enabled=&#8221;0&#8243;]<\/p>\n<div>\n<p class=\"Standard\"><span lang=\"HU\">T\u00c1VVEZET\u00c9KI MUNK\u00c1K<o:p><\/o:p><\/span><\/p>\n<p class=\"Standard\"><span lang=\"HU\"><\/span><\/p>\n<\/div>\n<div>\n<p class=\"Standard\"><span lang=\"HU\">NAF t\u00e1vvezet\u00e9kek teljesk\u00f6r\u0171 kivitelez\u00e9se az alapoz\u00e1st\u00f3l kezdve az oszlopszerel\u00e9sen, -\u00e1ll\u00edt\u00e1son \u00e9s szerelv\u00e9nyez\u00e9sen \u00e1t a vezet\u00e9kh\u00faz\u00e1sig. Megl\u00e9v\u0151 NAF t\u00e1vvezet\u00e9kek felhas\u00edt\u00e1sa, T csatlakoz\u00e1s \u00e9s k\u00fcl\u00f6nb\u00f6z\u0151 k\u00f6z\u00fat keresztez\u00e9sek kialak\u00edt\u00e1sa. NAF t\u00e1vvezet\u00e9k karbantart\u00e1si \u00e9s jav\u00edt\u00e1si feladatok elv\u00e9gz\u00e9se.<o:p><\/o:p><\/span><\/p>\n<\/div>\n<p>[\/et_pb_text][\/et_pb_column][\/et_pb_row][\/et_pb_section][et_pb_section fb_built=&#8221;1&#8243; theme_builder_area=&#8221;post_content&#8221; _builder_version=&#8221;4.27.4&#8243; _module_preset=&#8221;default&#8221; custom_padding=&#8221;||8px|||&#8221;][et_pb_row _builder_version=&#8221;4.27.4&#8243; _module_preset=&#8221;default&#8221; theme_builder_area=&#8221;post_content&#8221;][et_pb_column _builder_version=&#8221;4.27.4&#8243; _module_preset=&#8221;default&#8221; type=&#8221;4_4&#8243; theme_builder_area=&#8221;post_content&#8221;][et_pb_image src=&#8221;https:\/\/maxicontgroup.hu\/wp-content\/uploads\/2025\/11\/Screenshot-2025-11-02-at-13.19.22-scaled.png&#8221; _builder_version=&#8221;4.27.4&#8243; _module_preset=&#8221;default&#8221; theme_builder_area=&#8221;post_content&#8221; title_text=&#8221;Screenshot 2025-11-02 at 13.19.22&#8243; hover_enabled=&#8221;0&#8243; sticky_enabled=&#8221;0&#8243;][\/et_pb_image][\/et_pb_column][\/et_pb_row][\/et_pb_section][et_pb_section fb_built=&#8221;1&#8243; fullwidth=&#8221;on&#8221; _builder_version=&#8221;4.27.4&#8243; _module_preset=&#8221;default&#8221; custom_padding=&#8221;||0px|||&#8221; global_colors_info=&#8221;{}&#8221;][et_pb_fullwidth_image src=&#8221;https:\/\/maxicontgroup.hu\/wp-content\/uploads\/2025\/09\/Maxicont-Web-elerhetosegek-scaled.jpg&#8221; title_text=&#8221;Maxicont Web el\u00e9rhet\u0151s\u00e9gek&#8221; _builder_version=&#8221;4.27.4&#8243; _module_preset=&#8221;default&#8221; width=&#8221;55%&#8221; module_alignment=&#8221;center&#8221; hover_enabled=&#8221;0&#8243; global_colors_info=&#8221;{}&#8221; sticky_enabled=&#8221;0&#8243;][\/et_pb_fullwidth_image][\/et_pb_section][et_pb_section fb_built=&#8221;1&#8243; admin_label=&#8221;Footer Copyright&#8221; _builder_version=&#8221;4.27.4&#8243; _module_preset=&#8221;default&#8221; background_color=&#8221;#FFFFFF&#8221; custom_padding=&#8221;0px||0px||true|false&#8221; saved_tabs=&#8221;all&#8221; collapsed=&#8221;on&#8221; global_colors_info=&#8221;{}&#8221;][et_pb_row _builder_version=&#8221;4.22.0&#8243; _module_preset=&#8221;default&#8221; global_colors_info=&#8221;{}&#8221;][et_pb_column type=&#8221;4_4&#8243; _builder_version=&#8221;4.22.0&#8243; _module_preset=&#8221;default&#8221; global_colors_info=&#8221;{}&#8221;][et_pb_text _builder_version=&#8221;4.27.4&#8243; _dynamic_attributes=&#8221;content&#8221; _module_preset=&#8221;a44bb344-df28-455c-b1a4-e77ee347bf94&#8243; text_orientation=&#8221;center&#8221; hover_enabled=&#8221;0&#8243; global_colors_info=&#8221;{}&#8221; text_font=&#8221;Poppins||||||||&#8221; sticky_enabled=&#8221;0&#8243;]@ET-DC@eyJkeW5hbWljIjp0cnVlLCJjb250ZW50IjoiY3VycmVudF9kYXRlIiwic2V0dGluZ3MiOnsiYmVmb3JlIjoiQ29weXJpZ2h0ICZjb3B5OyAiLCJhZnRlciI6IiBNYXhpY29udEdyb3VwIEhvbGRpbmcgS2Z0LiBNaW5kZW4gam9nIGZlbm50YXJ0dmEiLCJkYXRlX2Zvcm1hdCI6ImN1c3RvbSIsImN1c3RvbV9kYXRlX2Zvcm1hdCI6IlkifX0=@[\/et_pb_text][\/et_pb_column][\/et_pb_row][\/et_pb_section]<\/p>\n","protected":false},"excerpt":{"rendered":"<p>\u00c9P\u00cdT\u00c9SZETI MUNK\u00c1K Villamos al\u00e1llom\u00e1s l\u00e9tes\u00edt\u00e9s \u00e9s rekonstrukci\u00f3 sor\u00e1n felmer\u00fcl\u0151 \u00e9p\u00edt\u00e9szeti munk\u00e1k. Seg\u00e9d\u00fczemek (rel\u00e9h\u00e1zak, vez\u00e9nyl\u0151\u00e9p\u00fcletek), nagyfesz\u00fclts\u00e9g\u0171 k\u00e9sz\u00fcl\u00e9kalapok, transzform\u00e1toralapok kivitelez\u00e9se. Vasbeton szerkezetek \u00e9p\u00edt\u00e9se. K\u00c1BELFEKTET\u00c9SI MUNK\u00c1K K\u00e1belnyomvonalak \u00e9s al\u00e9p\u00edtm\u00e9nyek kialak\u00edt\u00e1sa, K\u00d6F\/NAF k\u00e1belek fektet\u00e9se \u00e9s szerel\u00e9se, optikai \u00f6sszek\u00f6ttet\u00e9sek megval\u00f3s\u00edt\u00e1sa, a sz\u00fcks\u00e9ges m\u00e9r\u00e9sek elv\u00e9gz\u00e9se. Mindez a legmodernebb g\u00e9pparkkal, z\u00f6ldmez\u0151s, v\u00e1rosias \u00e9s\/vagy ipari k\u00f6rnyezetben. T\u00c1VVEZET\u00c9KI MUNK\u00c1K NAF t\u00e1vvezet\u00e9kek teljesk\u00f6r\u0171 kivitelez\u00e9se az [&hellip;]<\/p>\n","protected":false},"author":1,"featured_media":0,"parent":0,"menu_order":0,"comment_status":"closed","ping_status":"closed","template":"","meta":{"_et_pb_use_builder":"on","_et_pb_old_content":"","_et_gb_content_width":"","footnotes":""},"class_list":["post-91","page","type-page","status-publish","hentry"],"_links":{"self":[{"href":"https:\/\/maxicontgroup.hu\/index.php\/wp-json\/wp\/v2\/pages\/91","targetHints":{"allow":["GET"]}}],"collection":[{"href":"https:\/\/maxicontgroup.hu\/index.php\/wp-json\/wp\/v2\/pages"}],"about":[{"href":"https:\/\/maxicontgroup.hu\/index.php\/wp-json\/wp\/v2\/types\/page"}],"author":[{"embeddable":true,"href":"https:\/\/maxicontgroup.hu\/index.php\/wp-json\/wp\/v2\/users\/1"}],"replies":[{"embeddable":true,"href":"https:\/\/maxicontgroup.hu\/index.php\/wp-json\/wp\/v2\/comments?post=91"}],"version-history":[{"count":25,"href":"https:\/\/maxicontgroup.hu\/index.php\/wp-json\/wp\/v2\/pages\/91\/revisions"}],"predecessor-version":[{"id":915,"href":"https:\/\/maxicontgroup.hu\/index.php\/wp-json\/wp\/v2\/pages\/91\/revisions\/915"}],"wp:attachment":[{"href":"https:\/\/maxicontgroup.hu\/index.php\/wp-json\/wp\/v2\/media?parent=91"}],"curies":[{"name":"wp","href":"https:\/\/api.w.org\/{rel}","templated":true}]}}