{"id":96,"date":"2024-12-03T16:01:30","date_gmt":"2024-12-03T15:01:30","guid":{"rendered":"https:\/\/maxicontgroup.hu\/bellerophon\/?page_id=96"},"modified":"2025-11-02T14:22:33","modified_gmt":"2025-11-02T13:22:33","slug":"kotottpalyas-rendszerek","status":"publish","type":"page","link":"https:\/\/maxicontgroup.hu\/index.php\/kotottpalyas-rendszerek\/","title":{"rendered":"K\u00f6t\u00f6ttp\u00e1ly\u00e1s rendszerek"},"content":{"rendered":"<p>[et_pb_section fb_built=&#8221;1&#8243; admin_label=&#8221;Header&#8221; _builder_version=&#8221;4.27.4&#8243; _module_preset=&#8221;default&#8221; background_image=&#8221;https:\/\/maxicontgroup.hu\/wp-content\/uploads\/2025\/09\/Maxicont-Web-Rail-pic1-scaled.jpg&#8221; background_size=&#8221;contain&#8221; background_enable_video_mp4=&#8221;off&#8221; custom_padding=&#8221;8vw||20vw||false|false&#8221; animation_style=&#8221;slide&#8221; background_last_edited=&#8221;on|desktop&#8221; border_radii=&#8221;off|||0vw|0vw&#8221; collapsed=&#8221;on&#8221; global_colors_info=&#8221;{}&#8221;][\/et_pb_section][et_pb_section fb_built=&#8221;1&#8243; admin_label=&#8221;Feature&#8221; _builder_version=&#8221;4.24.0&#8243; _module_preset=&#8221;default&#8221; background_color=&#8221;gcid-a93f2103-1d8b-43bb-b21d-81d84bba8b15&#8243; use_background_color_gradient=&#8221;on&#8221; background_color_gradient_stops=&#8221;#f2f0eb 0%|#ffffff 100%&#8221; custom_padding=&#8221;0px|||||&#8221; locked=&#8221;off&#8221; global_colors_info=&#8221;{%22gcid-a93f2103-1d8b-43bb-b21d-81d84bba8b15%22:%91%22background_color%22%93}&#8221;][et_pb_row _builder_version=&#8221;4.27.4&#8243; _module_preset=&#8221;default&#8221; width=&#8221;100%&#8221; max_width=&#8221;2560px&#8221; custom_margin=&#8221;||6vw||false|false&#8221; custom_padding=&#8221;0px|||||&#8221; global_colors_info=&#8221;{}&#8221;][et_pb_column type=&#8221;4_4&#8243; _builder_version=&#8221;4.24.0&#8243; _module_preset=&#8221;default&#8221; global_colors_info=&#8221;{}&#8221;][et_pb_image src=&#8221;https:\/\/maxicontgroup.hu\/wp-content\/uploads\/2025\/09\/Screenshot-2025-09-20-at-18.13.54-scaled.png&#8221; title_text=&#8221;Rail tevekenyseg&#8221; align=&#8221;center&#8221; force_fullwidth=&#8221;on&#8221; _builder_version=&#8221;4.27.4&#8243; _module_preset=&#8221;default&#8221; animation_style=&#8221;slide&#8221; global_colors_info=&#8221;{}&#8221;][\/et_pb_image][\/et_pb_column][\/et_pb_row][\/et_pb_section][et_pb_section fb_built=&#8221;1&#8243; _builder_version=&#8221;4.27.4&#8243; _module_preset=&#8221;default&#8221; custom_padding=&#8221;1px|||||&#8221; global_colors_info=&#8221;{}&#8221;][et_pb_row column_structure=&#8221;1_2,1_2&#8243; use_custom_gutter=&#8221;on&#8221; gutter_width=&#8221;1&#8243; _builder_version=&#8221;4.27.4&#8243; _module_preset=&#8221;default&#8221; width=&#8221;100%&#8221; module_alignment=&#8221;right&#8221; animation_style=&#8221;slide&#8221; global_colors_info=&#8221;{}&#8221;][et_pb_column type=&#8221;1_2&#8243; _builder_version=&#8221;4.27.4&#8243; _module_preset=&#8221;default&#8221; global_colors_info=&#8221;{}&#8221;][et_pb_image src=&#8221;https:\/\/maxicontgroup.hu\/wp-content\/uploads\/2025\/09\/AdobeStock_1518780686-scaled.jpg&#8221; title_text=&#8221;cargo train in motion at industrial terminal, frozen rail tracks&#8221; show_bottom_space=&#8221;off&#8221; _builder_version=&#8221;4.27.4&#8243; _module_preset=&#8221;default&#8221; max_width=&#8221;80%&#8221; module_alignment=&#8221;right&#8221; custom_padding=&#8221;|0px|||false|false&#8221; global_colors_info=&#8221;{}&#8221;][\/et_pb_image][\/et_pb_column][et_pb_column type=&#8221;1_2&#8243; _builder_version=&#8221;4.27.4&#8243; _module_preset=&#8221;default&#8221; global_colors_info=&#8221;{}&#8221;][et_pb_text _builder_version=&#8221;4.27.4&#8243; _module_preset=&#8221;default&#8221; text_font=&#8221;Poppins||||||||&#8221; text_text_color=&#8221;#FFFFFF&#8221; text_font_size=&#8221;16px&#8221; background_color=&#8221;#3da07d&#8221; custom_margin=&#8221;0px||||false|false&#8221; custom_padding=&#8221;33px|20px|33px|20px|false|false&#8221; hover_enabled=&#8221;0&#8243; global_colors_info=&#8221;{}&#8221; sticky_enabled=&#8221;0&#8243;]<\/p>\n<div>\n<p class=\"Standard\"><span lang=\"HU\">VONTAT\u00c1SI \u00c1LLOM\u00c1SOK KIVITELEZ\u00c9SE<o:p><\/o:p><\/span><\/p>\n<p class=\"Standard\"><span lang=\"HU\"><\/span><\/p>\n<\/div>\n<div>\n<p class=\"Standard\"><span lang=\"HU\">V\u00e1rosi t\u00f6megk\u00f6zleked\u00e9s (villamos, metr\u00f3, troli) egyen\u00e1ram\u00fa vontat\u00e1si al\u00e1llom\u00e1sainak fel\u00faj\u00edt\u00e1sa, z\u00f6ldmez\u0151s kivitelez\u00e9se, kulcsrak\u00e9sz megval\u00f3s\u00edt\u00e1sa. Vas\u00fati vontat\u00e1si al\u00e1llom\u00e1sok fel\u00faj\u00edt\u00e1sa, z\u00f6ldmez\u0151s kivitelez\u00e9se, kulcsrak\u00e9sz megval\u00f3s\u00edt\u00e1sa.<o:p><\/o:p><\/span><\/p>\n<\/div>\n<div>\n<p class=\"Standard\"><span lang=\"HU\">Siemens vontat\u00e1si al\u00e1llom\u00e1si berendez\u00e9sek kiz\u00e1r\u00f3lagos forgalmaz\u00e1sa.<o:p><\/o:p><\/span><\/p>\n<\/div>\n<p>[\/et_pb_text][\/et_pb_column][\/et_pb_row][\/et_pb_section][et_pb_section fb_built=&#8221;1&#8243; _builder_version=&#8221;4.27.4&#8243; _module_preset=&#8221;default&#8221; custom_padding=&#8221;4px||0px|||&#8221; global_colors_info=&#8221;{}&#8221;][et_pb_row column_structure=&#8221;1_2,1_2&#8243; use_custom_gutter=&#8221;on&#8221; gutter_width=&#8221;1&#8243; _builder_version=&#8221;4.27.4&#8243; _module_preset=&#8221;default&#8221; width=&#8221;100%&#8221; module_alignment=&#8221;left&#8221; custom_padding=&#8221;6px|0px|4px|||&#8221; animation_style=&#8221;slide&#8221; global_colors_info=&#8221;{}&#8221;][et_pb_column type=&#8221;1_2&#8243; _builder_version=&#8221;4.27.4&#8243; _module_preset=&#8221;default&#8221; global_colors_info=&#8221;{}&#8221;][et_pb_text _builder_version=&#8221;4.27.4&#8243; _module_preset=&#8221;default&#8221; text_font=&#8221;Poppins||||||||&#8221; text_text_color=&#8221;#FFFFFF&#8221; text_font_size=&#8221;16px&#8221; background_color=&#8221;#3da07d&#8221; custom_margin=&#8221;0px||||false|false&#8221; custom_padding=&#8221;58px|24px|57px|46px|false|false&#8221; hover_enabled=&#8221;0&#8243; global_colors_info=&#8221;{}&#8221; sticky_enabled=&#8221;0&#8243;]<\/p>\n<div>\n<p class=\"Standard\"><span lang=\"HU\">ENERGIA T\u00c1VVEZ\u00c9RL\u0150 RENDSZEREK KIVITELEZ\u00c9SE, KARBANTART\u00c1SA<o:p><\/o:p><\/span><\/p>\n<p class=\"Standard\"><span lang=\"HU\"><\/span><\/p>\n<\/div>\n<div>\n<p class=\"Standard\"><span lang=\"HU\">V\u00e1rosi t\u00f6megk\u00f6zleked\u00e9shez kapcsol\u00f3d\u00f3 energia t\u00e1vvez\u00e9rl\u0151 rendszerek kivitelez\u00e9se, fel\u00faj\u00edt\u00e1sa \u00e9s karbantart\u00e1sa. Vas\u00fati energia t\u00e1vvez\u00e9rl\u0151 rendszerek kivitelez\u00e9se, fel\u00faj\u00edt\u00e1sa.<o:p><\/o:p><\/span><\/p>\n<\/div>\n<p>[\/et_pb_text][\/et_pb_column][et_pb_column type=&#8221;1_2&#8243; _builder_version=&#8221;4.27.4&#8243; _module_preset=&#8221;default&#8221; global_colors_info=&#8221;{}&#8221;][et_pb_image src=&#8221;https:\/\/maxicontgroup.hu\/wp-content\/uploads\/2025\/09\/AdobeStock_115774514-scaled.jpg&#8221; title_text=&#8221;cityscape and rail track in tokyo from speed train&#8221; show_bottom_space=&#8221;off&#8221; _builder_version=&#8221;4.27.4&#8243; _module_preset=&#8221;default&#8221; width=&#8221;80%&#8221; custom_margin=&#8221;|||0px|false|false&#8221; custom_padding=&#8221;|||0px|false|false&#8221; global_colors_info=&#8221;{}&#8221;][\/et_pb_image][\/et_pb_column][\/et_pb_row][\/et_pb_section][et_pb_section fb_built=&#8221;1&#8243; _builder_version=&#8221;4.27.4&#8243; _module_preset=&#8221;default&#8221; custom_padding=&#8221;1px|||||&#8221; global_colors_info=&#8221;{}&#8221;][et_pb_row column_structure=&#8221;1_2,1_2&#8243; use_custom_gutter=&#8221;on&#8221; gutter_width=&#8221;1&#8243; _builder_version=&#8221;4.27.4&#8243; _module_preset=&#8221;default&#8221; width=&#8221;100%&#8221; module_alignment=&#8221;right&#8221; animation_style=&#8221;slide&#8221; global_colors_info=&#8221;{}&#8221;][et_pb_column type=&#8221;1_2&#8243; _builder_version=&#8221;4.27.4&#8243; _module_preset=&#8221;default&#8221; global_colors_info=&#8221;{}&#8221;][et_pb_image src=&#8221;https:\/\/maxicontgroup.hu\/wp-content\/uploads\/2025\/09\/AdobeStock_171192366-scaled-e1758386400176.jpg&#8221; title_text=&#8221;Change Concept&#8221; show_bottom_space=&#8221;off&#8221; _builder_version=&#8221;4.27.4&#8243; _module_preset=&#8221;default&#8221; max_width=&#8221;80%&#8221; module_alignment=&#8221;right&#8221; custom_padding=&#8221;|0px|||false|false&#8221; global_colors_info=&#8221;{}&#8221;][\/et_pb_image][\/et_pb_column][et_pb_column type=&#8221;1_2&#8243; _builder_version=&#8221;4.27.4&#8243; _module_preset=&#8221;default&#8221; global_colors_info=&#8221;{}&#8221;][et_pb_text _builder_version=&#8221;4.27.4&#8243; _module_preset=&#8221;default&#8221; text_font=&#8221;Poppins||||||||&#8221; text_text_color=&#8221;#FFFFFF&#8221; text_font_size=&#8221;16px&#8221; background_color=&#8221;#3da07d&#8221; custom_margin=&#8221;0px||||false|false&#8221; custom_padding=&#8221;75px|20px|76px|20px|false|false&#8221; hover_enabled=&#8221;0&#8243; global_colors_info=&#8221;{}&#8221; sticky_enabled=&#8221;0&#8243;]<\/p>\n<div>\n<p class=\"Standard\"><span lang=\"HU\">V\u00c1LT\u00d3\u00c1LL\u00cdT\u00c1S, V\u00c1LT\u00d3F\u0170T\u00c9S KIVITELEZ\u00c9SE<o:p><\/o:p><\/span><\/p>\n<p class=\"Standard\"><span lang=\"HU\"><\/span><\/p>\n<\/div>\n<div>\n<p class=\"Standard\"><span lang=\"HU\">V\u00e1rosi vas\u00fathoz kapcsol\u00f3d\u00f3 v\u00e1lt\u00f3\u00e1ll\u00edt\u00f3, v\u00e9g\u00e1llom\u00e1si jelz\u0151 \u00e9s v\u00e1lt\u00f3f\u0171t\u0151 rendszerek \u00e1t\u00e9p\u00edt\u00e9se, fel\u00faj\u00edt\u00e1sa, z\u00f6ldmez\u0151s kivitelez\u00e9se.<o:p><\/o:p><\/span><\/p>\n<\/div>\n<p>[\/et_pb_text][\/et_pb_column][\/et_pb_row][\/et_pb_section][et_pb_section fb_built=&#8221;1&#8243; theme_builder_area=&#8221;post_content&#8221; _builder_version=&#8221;4.27.4&#8243; _module_preset=&#8221;default&#8221; custom_padding=&#8221;||7px|||&#8221;][et_pb_row _builder_version=&#8221;4.27.4&#8243; _module_preset=&#8221;default&#8221; theme_builder_area=&#8221;post_content&#8221;][et_pb_column _builder_version=&#8221;4.27.4&#8243; _module_preset=&#8221;default&#8221; type=&#8221;4_4&#8243; theme_builder_area=&#8221;post_content&#8221;][et_pb_image src=&#8221;https:\/\/maxicontgroup.hu\/wp-content\/uploads\/2025\/11\/Screenshot-2025-11-02-at-13.19.22-scaled.png&#8221; _builder_version=&#8221;4.27.4&#8243; _module_preset=&#8221;default&#8221; theme_builder_area=&#8221;post_content&#8221; title_text=&#8221;Screenshot 2025-11-02 at 13.19.22&#8243; hover_enabled=&#8221;0&#8243; sticky_enabled=&#8221;0&#8243;][\/et_pb_image][\/et_pb_column][\/et_pb_row][\/et_pb_section][et_pb_section fb_built=&#8221;1&#8243; fullwidth=&#8221;on&#8221; _builder_version=&#8221;4.27.4&#8243; _module_preset=&#8221;default&#8221; custom_padding=&#8221;||0px|||&#8221; global_colors_info=&#8221;{}&#8221;][et_pb_fullwidth_image src=&#8221;https:\/\/maxicontgroup.hu\/wp-content\/uploads\/2025\/09\/Maxicont-Web-elerhetosegek-scaled.jpg&#8221; title_text=&#8221;Maxicont Web el\u00e9rhet\u0151s\u00e9gek&#8221; _builder_version=&#8221;4.27.4&#8243; _module_preset=&#8221;default&#8221; width=&#8221;55%&#8221; module_alignment=&#8221;center&#8221; hover_enabled=&#8221;0&#8243; global_colors_info=&#8221;{}&#8221; sticky_enabled=&#8221;0&#8243;][\/et_pb_fullwidth_image][\/et_pb_section][et_pb_section fb_built=&#8221;1&#8243; admin_label=&#8221;Footer Copyright&#8221; _builder_version=&#8221;4.27.4&#8243; _module_preset=&#8221;default&#8221; background_color=&#8221;#FFFFFF&#8221; custom_padding=&#8221;0px||0px||true|false&#8221; saved_tabs=&#8221;all&#8221; collapsed=&#8221;on&#8221; global_colors_info=&#8221;{}&#8221;][et_pb_row _builder_version=&#8221;4.22.0&#8243; _module_preset=&#8221;default&#8221; global_colors_info=&#8221;{}&#8221;][et_pb_column type=&#8221;4_4&#8243; _builder_version=&#8221;4.22.0&#8243; _module_preset=&#8221;default&#8221; global_colors_info=&#8221;{}&#8221;][et_pb_text _builder_version=&#8221;4.27.4&#8243; _dynamic_attributes=&#8221;content&#8221; _module_preset=&#8221;4cce9ae5-ae2e-470b-b098-388672ac307a&#8221; text_orientation=&#8221;center&#8221; hover_enabled=&#8221;0&#8243; global_colors_info=&#8221;{}&#8221; text_font=&#8221;Poppins||||||||&#8221; sticky_enabled=&#8221;0&#8243;]@ET-DC@eyJkeW5hbWljIjp0cnVlLCJjb250ZW50IjoiY3VycmVudF9kYXRlIiwic2V0dGluZ3MiOnsiYmVmb3JlIjoiQ29weXJpZ2h0ICZjb3B5OyAiLCJhZnRlciI6IiBNYXhpY29udEdyb3VwIEhvbGRpbmcgS2Z0LiBNaW5kZW4gam9nIGZlbm50YXJ0dmEiLCJkYXRlX2Zvcm1hdCI6ImN1c3RvbSIsImN1c3RvbV9kYXRlX2Zvcm1hdCI6IlkifX0=@[\/et_pb_text][\/et_pb_column][\/et_pb_row][\/et_pb_section]<\/p>\n","protected":false},"excerpt":{"rendered":"<p>VONTAT\u00c1SI \u00c1LLOM\u00c1SOK KIVITELEZ\u00c9SE V\u00e1rosi t\u00f6megk\u00f6zleked\u00e9s (villamos, metr\u00f3, troli) egyen\u00e1ram\u00fa vontat\u00e1si al\u00e1llom\u00e1sainak fel\u00faj\u00edt\u00e1sa, z\u00f6ldmez\u0151s kivitelez\u00e9se, kulcsrak\u00e9sz megval\u00f3s\u00edt\u00e1sa. Vas\u00fati vontat\u00e1si al\u00e1llom\u00e1sok fel\u00faj\u00edt\u00e1sa, z\u00f6ldmez\u0151s kivitelez\u00e9se, kulcsrak\u00e9sz megval\u00f3s\u00edt\u00e1sa. Siemens vontat\u00e1si al\u00e1llom\u00e1si berendez\u00e9sek kiz\u00e1r\u00f3lagos forgalmaz\u00e1sa. ENERGIA T\u00c1VVEZ\u00c9RL\u0150 RENDSZEREK KIVITELEZ\u00c9SE, KARBANTART\u00c1SA V\u00e1rosi t\u00f6megk\u00f6zleked\u00e9shez kapcsol\u00f3d\u00f3 energia t\u00e1vvez\u00e9rl\u0151 rendszerek kivitelez\u00e9se, fel\u00faj\u00edt\u00e1sa \u00e9s karbantart\u00e1sa. Vas\u00fati energia t\u00e1vvez\u00e9rl\u0151 rendszerek kivitelez\u00e9se, fel\u00faj\u00edt\u00e1sa. V\u00c1LT\u00d3\u00c1LL\u00cdT\u00c1S, V\u00c1LT\u00d3F\u0170T\u00c9S KIVITELEZ\u00c9SE V\u00e1rosi [&hellip;]<\/p>\n","protected":false},"author":1,"featured_media":0,"parent":0,"menu_order":0,"comment_status":"closed","ping_status":"closed","template":"","meta":{"_et_pb_use_builder":"on","_et_pb_old_content":"","_et_gb_content_width":"","footnotes":""},"class_list":["post-96","page","type-page","status-publish","hentry"],"_links":{"self":[{"href":"https:\/\/maxicontgroup.hu\/index.php\/wp-json\/wp\/v2\/pages\/96","targetHints":{"allow":["GET"]}}],"collection":[{"href":"https:\/\/maxicontgroup.hu\/index.php\/wp-json\/wp\/v2\/pages"}],"about":[{"href":"https:\/\/maxicontgroup.hu\/index.php\/wp-json\/wp\/v2\/types\/page"}],"author":[{"embeddable":true,"href":"https:\/\/maxicontgroup.hu\/index.php\/wp-json\/wp\/v2\/users\/1"}],"replies":[{"embeddable":true,"href":"https:\/\/maxicontgroup.hu\/index.php\/wp-json\/wp\/v2\/comments?post=96"}],"version-history":[{"count":18,"href":"https:\/\/maxicontgroup.hu\/index.php\/wp-json\/wp\/v2\/pages\/96\/revisions"}],"predecessor-version":[{"id":917,"href":"https:\/\/maxicontgroup.hu\/index.php\/wp-json\/wp\/v2\/pages\/96\/revisions\/917"}],"wp:attachment":[{"href":"https:\/\/maxicontgroup.hu\/index.php\/wp-json\/wp\/v2\/media?parent=96"}],"curies":[{"name":"wp","href":"https:\/\/api.w.org\/{rel}","templated":true}]}}