{"id":99,"date":"2024-12-03T16:03:36","date_gmt":"2024-12-03T15:03:36","guid":{"rendered":"https:\/\/maxicontgroup.hu\/bellerophon\/?page_id=99"},"modified":"2025-11-02T14:24:55","modified_gmt":"2025-11-02T13:24:55","slug":"99-2","status":"publish","type":"page","link":"https:\/\/maxicontgroup.hu\/index.php\/99-2\/","title":{"rendered":"Tervez\u00e9s"},"content":{"rendered":"<p>[et_pb_section fb_built=&#8221;1&#8243; admin_label=&#8221;Header&#8221; _builder_version=&#8221;4.27.4&#8243; _module_preset=&#8221;default&#8221; background_image=&#8221;https:\/\/maxicontgroup.hu\/wp-content\/uploads\/2025\/09\/Maxicont-Web-Rterv-oldal-pic1-scaled.jpg&#8221; background_size=&#8221;contain&#8221; background_enable_video_mp4=&#8221;off&#8221; custom_padding=&#8221;8vw||20vw||false|false&#8221; animation_style=&#8221;slide&#8221; background_last_edited=&#8221;on|desktop&#8221; border_radii=&#8221;off|||0vw|0vw&#8221; collapsed=&#8221;on&#8221; global_colors_info=&#8221;{}&#8221;][\/et_pb_section][et_pb_section fb_built=&#8221;1&#8243; admin_label=&#8221;Feature&#8221; _builder_version=&#8221;4.27.4&#8243; _module_preset=&#8221;default&#8221; background_color=&#8221;gcid-a93f2103-1d8b-43bb-b21d-81d84bba8b15&#8243; use_background_color_gradient=&#8221;on&#8221; background_color_gradient_stops=&#8221;#f2f0eb 0%|#ffffff 100%&#8221; custom_padding=&#8221;0px|||||&#8221; animation_style=&#8221;slide&#8221; locked=&#8221;off&#8221; global_colors_info=&#8221;{%22gcid-a93f2103-1d8b-43bb-b21d-81d84bba8b15%22:%91%22background_color%22%93}&#8221;][et_pb_row _builder_version=&#8221;4.27.4&#8243; _module_preset=&#8221;default&#8221; width=&#8221;100%&#8221; max_width=&#8221;2560px&#8221; custom_margin=&#8221;||6vw||false|false&#8221; custom_padding=&#8221;0px|||||&#8221; global_colors_info=&#8221;{}&#8221;][et_pb_column type=&#8221;4_4&#8243; _builder_version=&#8221;4.24.0&#8243; _module_preset=&#8221;default&#8221; global_colors_info=&#8221;{}&#8221;][et_pb_image src=&#8221;https:\/\/maxicontgroup.hu\/wp-content\/uploads\/2025\/09\/Maxicont-Web-Rterv-oldal-pic2-scaled-e1758388616815.jpg&#8221; title_text=&#8221;Maxicont Web Rterv oldal pic2&#8243; align=&#8221;center&#8221; force_fullwidth=&#8221;on&#8221; _builder_version=&#8221;4.27.4&#8243; _module_preset=&#8221;default&#8221; global_colors_info=&#8221;{}&#8221;][\/et_pb_image][\/et_pb_column][\/et_pb_row][\/et_pb_section][et_pb_section fb_built=&#8221;1&#8243; _builder_version=&#8221;4.27.4&#8243; _module_preset=&#8221;default&#8221; custom_padding=&#8221;1px|||||&#8221; animation_style=&#8221;slide&#8221; global_colors_info=&#8221;{}&#8221;][et_pb_row column_structure=&#8221;1_2,1_2&#8243; use_custom_gutter=&#8221;on&#8221; gutter_width=&#8221;1&#8243; _builder_version=&#8221;4.27.4&#8243; _module_preset=&#8221;default&#8221; width=&#8221;100%&#8221; module_alignment=&#8221;right&#8221; animation_style=&#8221;slide&#8221; global_colors_info=&#8221;{}&#8221;][et_pb_column type=&#8221;1_2&#8243; _builder_version=&#8221;4.27.4&#8243; _module_preset=&#8221;default&#8221; global_colors_info=&#8221;{}&#8221;][et_pb_image src=&#8221;https:\/\/maxicontgroup.hu\/wp-content\/uploads\/2025\/09\/AdobeStock_603210957-scaled-e1758388833547.jpeg&#8221; title_text=&#8221;Computer, thinking and business man in office, working on project or email. Laptop, professional and male person problem solving, looking for solution or planning, reading or focus on decision making&#8221; show_bottom_space=&#8221;off&#8221; _builder_version=&#8221;4.27.4&#8243; _module_preset=&#8221;default&#8221; max_width=&#8221;80%&#8221; module_alignment=&#8221;right&#8221; custom_padding=&#8221;|0px|||false|false&#8221; global_colors_info=&#8221;{}&#8221;][\/et_pb_image][\/et_pb_column][et_pb_column type=&#8221;1_2&#8243; _builder_version=&#8221;4.27.4&#8243; _module_preset=&#8221;default&#8221; global_colors_info=&#8221;{}&#8221;][et_pb_text _builder_version=&#8221;4.27.4&#8243; _module_preset=&#8221;default&#8221; text_font=&#8221;Poppins||||||||&#8221; text_text_color=&#8221;#FFFFFF&#8221; text_font_size=&#8221;16px&#8221; background_color=&#8221;#8F8F8F&#8221; custom_margin=&#8221;0px||||false|false&#8221; custom_padding=&#8221;54px|20px|55px|20px|false|false&#8221; hover_enabled=&#8221;0&#8243; global_colors_info=&#8221;{}&#8221; sticky_enabled=&#8221;0&#8243;]<\/p>\n<div>\n<p class=\"Standard\"><span lang=\"HU\">VILLAMOSTECHNOL\u00d3GIAI L\u00c9TES\u00cdTM\u00c9NYEK, ER\u0150M\u0170VEK TERVEZ\u00c9SI FELADATAI<o:p><\/o:p><\/span><\/p>\n<p class=\"Standard\"><span lang=\"HU\"><\/span><\/p>\n<\/div>\n<div>\n<p class=\"Standard\"><span lang=\"HU\">Koncepci\u00f3 \u00e9s tanulm\u00e1nytervek elk\u00e9sz\u00edt\u00e9se, villamos h\u00e1l\u00f3zatok el\u0151tervez\u00e9se, tenderki\u00edr\u00e1sok k\u00e9sz\u00edt\u00e9se, szak\u00e9rt\u0151i tev\u00e9kenys\u00e9g, m\u0171szaki tan\u00e1csad\u00e1s.<o:p><\/o:p><\/span><\/p>\n<\/div>\n<p>[\/et_pb_text][\/et_pb_column][\/et_pb_row][\/et_pb_section][et_pb_section fb_built=&#8221;1&#8243; _builder_version=&#8221;4.27.4&#8243; _module_preset=&#8221;default&#8221; custom_padding=&#8221;4px||0px|||&#8221; animation_style=&#8221;slide&#8221; global_colors_info=&#8221;{}&#8221;][et_pb_row column_structure=&#8221;1_2,1_2&#8243; use_custom_gutter=&#8221;on&#8221; gutter_width=&#8221;1&#8243; _builder_version=&#8221;4.27.4&#8243; _module_preset=&#8221;default&#8221; width=&#8221;100%&#8221; module_alignment=&#8221;left&#8221; custom_padding=&#8221;6px|0px|4px|||&#8221; animation_style=&#8221;slide&#8221; global_colors_info=&#8221;{}&#8221;][et_pb_column type=&#8221;1_2&#8243; _builder_version=&#8221;4.27.4&#8243; _module_preset=&#8221;default&#8221; global_colors_info=&#8221;{}&#8221;][et_pb_text _builder_version=&#8221;4.27.4&#8243; _module_preset=&#8221;default&#8221; text_font=&#8221;Poppins||||||||&#8221; text_text_color=&#8221;#FFFFFF&#8221; text_font_size=&#8221;16px&#8221; background_color=&#8221;#8F8F8F&#8221; custom_margin=&#8221;0px||||false|false&#8221; custom_padding=&#8221;47px|24px|47px|46px|false|false&#8221; hover_enabled=&#8221;0&#8243; global_colors_info=&#8221;{}&#8221; sticky_enabled=&#8221;0&#8243;]<\/p>\n<div>\n<p class=\"Standard\"><span lang=\"HU\">AL\u00c1LLOM\u00c1SOK TERVEZ\u00c9SE<o:p><\/o:p><\/span><\/p>\n<p class=\"Standard\"><span lang=\"HU\"><\/span><\/p>\n<\/div>\n<div>\n<p class=\"Standard\"><span lang=\"HU\">Nagy- \u00e9s k\u00f6z\u00e9pfesz\u00fclts\u00e9g\u0171 al\u00e1llom\u00e1sok l\u00e9tes\u00edt\u00e9s\u00e9hez sz\u00fcks\u00e9ges komplett tervez\u00e9si feladatok ell\u00e1t\u00e1sa a kezdeti tanulm\u00e1nytervi f\u00e1zisokt\u00f3l (EMT, MT, RMT), a Ready To Build \u00e1llapotokon \u00e1t (HCST, \u00c9p\u00edt\u00e9si Enged\u00e9lyez\u00e9si Terv), a kiviteli \u00e9s megval\u00f3sul\u00e1si tervez\u00e9sig.<o:p><\/o:p><\/span><\/p>\n<\/div>\n<p>[\/et_pb_text][\/et_pb_column][et_pb_column type=&#8221;1_2&#8243; _builder_version=&#8221;4.27.4&#8243; _module_preset=&#8221;default&#8221; global_colors_info=&#8221;{}&#8221;][et_pb_image src=&#8221;https:\/\/maxicontgroup.hu\/wp-content\/uploads\/2025\/09\/Nevtelen_fekete-e1758389012909.jpg&#8221; title_text=&#8221;N\u00e9vtelen_fekete&#8221; show_bottom_space=&#8221;off&#8221; _builder_version=&#8221;4.27.4&#8243; _module_preset=&#8221;default&#8221; width=&#8221;80%&#8221; custom_margin=&#8221;|||0px|false|false&#8221; custom_padding=&#8221;|||0px|false|false&#8221; global_colors_info=&#8221;{}&#8221;][\/et_pb_image][\/et_pb_column][\/et_pb_row][\/et_pb_section][et_pb_section fb_built=&#8221;1&#8243; _builder_version=&#8221;4.27.4&#8243; _module_preset=&#8221;default&#8221; custom_padding=&#8221;1px|||||&#8221; animation_style=&#8221;slide&#8221; global_colors_info=&#8221;{}&#8221;][et_pb_row column_structure=&#8221;1_2,1_2&#8243; use_custom_gutter=&#8221;on&#8221; gutter_width=&#8221;1&#8243; _builder_version=&#8221;4.27.4&#8243; _module_preset=&#8221;default&#8221; width=&#8221;100%&#8221; module_alignment=&#8221;right&#8221; animation_style=&#8221;slide&#8221; global_colors_info=&#8221;{}&#8221;][et_pb_column type=&#8221;1_2&#8243; _builder_version=&#8221;4.27.4&#8243; _module_preset=&#8221;default&#8221; global_colors_info=&#8221;{}&#8221;][et_pb_image src=&#8221;https:\/\/maxicontgroup.hu\/wp-content\/uploads\/2025\/09\/AdobeStock_97344317-scaled-e1758389127338.jpeg&#8221; title_text=&#8221;Electrical diagrams, construction drawings and laptop&#8221; show_bottom_space=&#8221;off&#8221; _builder_version=&#8221;4.27.4&#8243; _module_preset=&#8221;default&#8221; max_width=&#8221;80%&#8221; module_alignment=&#8221;right&#8221; custom_padding=&#8221;|0px|||false|false&#8221; global_colors_info=&#8221;{}&#8221;][\/et_pb_image][\/et_pb_column][et_pb_column type=&#8221;1_2&#8243; _builder_version=&#8221;4.27.4&#8243; _module_preset=&#8221;default&#8221; global_colors_info=&#8221;{}&#8221;][et_pb_text _builder_version=&#8221;4.27.4&#8243; _module_preset=&#8221;default&#8221; text_font=&#8221;Poppins||||||||&#8221; text_text_color=&#8221;#FFFFFF&#8221; text_font_size=&#8221;16px&#8221; background_color=&#8221;#8F8F8F&#8221; custom_margin=&#8221;0px||||false|false&#8221; custom_padding=&#8221;64px|20px|62px|20px|false|false&#8221; hover_enabled=&#8221;0&#8243; global_colors_info=&#8221;{}&#8221; sticky_enabled=&#8221;0&#8243;]<\/p>\n<div>\n<p class=\"Standard\"><span lang=\"HU\">REKONSTRUKCI\u00d3S TERVEZ\u00c9SI FELADATOK<o:p><\/o:p><\/span><\/p>\n<p class=\"Standard\"><span lang=\"HU\"><\/span><\/p>\n<\/div>\n<div>\n<p class=\"Standard\"><span lang=\"HU\">Megl\u00e9v\u0151 al\u00e1llom\u00e1sok, er\u0151m\u0171vek \u00e1talak\u00edt\u00e1s\u00e1hoz, b\u0151v\u00edt\u00e9s\u00e9hez, #illetve rekonstrukci\u00f3j\u00e1hoz sz\u00fcks\u00e9ges kiviteli \u00e9s megval\u00f3sul\u00e1si tervek elk\u00e9sz\u00edt\u00e9se.<o:p><\/o:p><\/span><\/p>\n<\/div>\n<p>[\/et_pb_text][\/et_pb_column][\/et_pb_row][\/et_pb_section][et_pb_section fb_built=&#8221;1&#8243; theme_builder_area=&#8221;post_content&#8221; _builder_version=&#8221;4.27.4&#8243; _module_preset=&#8221;default&#8221; custom_padding=&#8221;||8px|||&#8221;][et_pb_row _builder_version=&#8221;4.27.4&#8243; _module_preset=&#8221;default&#8221; theme_builder_area=&#8221;post_content&#8221;][et_pb_column _builder_version=&#8221;4.27.4&#8243; _module_preset=&#8221;default&#8221; type=&#8221;4_4&#8243; theme_builder_area=&#8221;post_content&#8221;][et_pb_image src=&#8221;https:\/\/maxicontgroup.hu\/wp-content\/uploads\/2025\/11\/Screenshot-2025-11-02-at-13.19.22-scaled.png&#8221; _builder_version=&#8221;4.27.4&#8243; _module_preset=&#8221;default&#8221; theme_builder_area=&#8221;post_content&#8221; title_text=&#8221;Screenshot 2025-11-02 at 13.19.22&#8243; hover_enabled=&#8221;0&#8243; sticky_enabled=&#8221;0&#8243;][\/et_pb_image][\/et_pb_column][\/et_pb_row][\/et_pb_section][et_pb_section fb_built=&#8221;1&#8243; fullwidth=&#8221;on&#8221; _builder_version=&#8221;4.27.4&#8243; _module_preset=&#8221;default&#8221; custom_padding=&#8221;||0px|||&#8221; global_colors_info=&#8221;{}&#8221;][et_pb_fullwidth_image src=&#8221;https:\/\/maxicontgroup.hu\/wp-content\/uploads\/2025\/09\/Maxicont-Web-elerhetosegek-scaled.jpg&#8221; title_text=&#8221;Maxicont Web el\u00e9rhet\u0151s\u00e9gek&#8221; _builder_version=&#8221;4.27.4&#8243; _module_preset=&#8221;default&#8221; width=&#8221;55%&#8221; module_alignment=&#8221;center&#8221; hover_enabled=&#8221;0&#8243; global_colors_info=&#8221;{}&#8221; sticky_enabled=&#8221;0&#8243;][\/et_pb_fullwidth_image][\/et_pb_section][et_pb_section fb_built=&#8221;1&#8243; admin_label=&#8221;Footer Copyright&#8221; _builder_version=&#8221;4.27.4&#8243; _module_preset=&#8221;default&#8221; background_color=&#8221;#FFFFFF&#8221; custom_padding=&#8221;0px||0px||true|false&#8221; saved_tabs=&#8221;all&#8221; collapsed=&#8221;on&#8221; global_colors_info=&#8221;{}&#8221;][et_pb_row _builder_version=&#8221;4.22.0&#8243; _module_preset=&#8221;default&#8221; global_colors_info=&#8221;{}&#8221;][et_pb_column type=&#8221;4_4&#8243; _builder_version=&#8221;4.22.0&#8243; _module_preset=&#8221;default&#8221; global_colors_info=&#8221;{}&#8221;][et_pb_text _builder_version=&#8221;4.27.4&#8243; _dynamic_attributes=&#8221;content&#8221; _module_preset=&#8221;b2be8f9d-bcf4-4f80-8e5f-7b8fd450e08c&#8221; text_orientation=&#8221;center&#8221; hover_enabled=&#8221;0&#8243; global_colors_info=&#8221;{}&#8221; text_font=&#8221;Poppins||||||||&#8221; sticky_enabled=&#8221;0&#8243;]@ET-DC@eyJkeW5hbWljIjp0cnVlLCJjb250ZW50IjoiY3VycmVudF9kYXRlIiwic2V0dGluZ3MiOnsiYmVmb3JlIjoiQ29weXJpZ2h0ICZjb3B5OyAiLCJhZnRlciI6IiBNYXhpY29udEdyb3VwIEhvbGRpbmcgS2Z0LiBNaW5kZW4gam9nIGZlbm50YXJ0dmEiLCJkYXRlX2Zvcm1hdCI6ImN1c3RvbSIsImN1c3RvbV9kYXRlX2Zvcm1hdCI6IlkifX0=@[\/et_pb_text][\/et_pb_column][\/et_pb_row][\/et_pb_section]<\/p>\n","protected":false},"excerpt":{"rendered":"<p>VILLAMOSTECHNOL\u00d3GIAI L\u00c9TES\u00cdTM\u00c9NYEK, ER\u0150M\u0170VEK TERVEZ\u00c9SI FELADATAI Koncepci\u00f3 \u00e9s tanulm\u00e1nytervek elk\u00e9sz\u00edt\u00e9se, villamos h\u00e1l\u00f3zatok el\u0151tervez\u00e9se, tenderki\u00edr\u00e1sok k\u00e9sz\u00edt\u00e9se, szak\u00e9rt\u0151i tev\u00e9kenys\u00e9g, m\u0171szaki tan\u00e1csad\u00e1s. AL\u00c1LLOM\u00c1SOK TERVEZ\u00c9SE Nagy- \u00e9s k\u00f6z\u00e9pfesz\u00fclts\u00e9g\u0171 al\u00e1llom\u00e1sok l\u00e9tes\u00edt\u00e9s\u00e9hez sz\u00fcks\u00e9ges komplett tervez\u00e9si feladatok ell\u00e1t\u00e1sa a kezdeti tanulm\u00e1nytervi f\u00e1zisokt\u00f3l (EMT, MT, RMT), a Ready To Build \u00e1llapotokon \u00e1t (HCST, \u00c9p\u00edt\u00e9si Enged\u00e9lyez\u00e9si Terv), a kiviteli \u00e9s megval\u00f3sul\u00e1si tervez\u00e9sig. REKONSTRUKCI\u00d3S TERVEZ\u00c9SI FELADATOK [&hellip;]<\/p>\n","protected":false},"author":1,"featured_media":0,"parent":0,"menu_order":0,"comment_status":"closed","ping_status":"closed","template":"","meta":{"_et_pb_use_builder":"on","_et_pb_old_content":"","_et_gb_content_width":"","footnotes":""},"class_list":["post-99","page","type-page","status-publish","hentry"],"_links":{"self":[{"href":"https:\/\/maxicontgroup.hu\/index.php\/wp-json\/wp\/v2\/pages\/99","targetHints":{"allow":["GET"]}}],"collection":[{"href":"https:\/\/maxicontgroup.hu\/index.php\/wp-json\/wp\/v2\/pages"}],"about":[{"href":"https:\/\/maxicontgroup.hu\/index.php\/wp-json\/wp\/v2\/types\/page"}],"author":[{"embeddable":true,"href":"https:\/\/maxicontgroup.hu\/index.php\/wp-json\/wp\/v2\/users\/1"}],"replies":[{"embeddable":true,"href":"https:\/\/maxicontgroup.hu\/index.php\/wp-json\/wp\/v2\/comments?post=99"}],"version-history":[{"count":21,"href":"https:\/\/maxicontgroup.hu\/index.php\/wp-json\/wp\/v2\/pages\/99\/revisions"}],"predecessor-version":[{"id":919,"href":"https:\/\/maxicontgroup.hu\/index.php\/wp-json\/wp\/v2\/pages\/99\/revisions\/919"}],"wp:attachment":[{"href":"https:\/\/maxicontgroup.hu\/index.php\/wp-json\/wp\/v2\/media?parent=99"}],"curies":[{"name":"wp","href":"https:\/\/api.w.org\/{rel}","templated":true}]}}